{"id":102,"date":"2018-02-02T14:40:43","date_gmt":"2018-02-02T13:40:43","guid":{"rendered":"http:\/\/elangr-chevilly.fr\/?page_id=102"},"modified":"2025-10-28T22:27:41","modified_gmt":"2025-10-28T21:27:41","slug":"boutique","status":"publish","type":"page","link":"https:\/\/elangr-chevilly.fr\/index.php\/boutique\/","title":{"rendered":"Boutique"},"content":{"rendered":"<p><center><span class=\"gras\">Pour toutes commandes, veuillez vous adresser \u00e0 un entra\u00eeneur ou \u00e0 un membre du bureau.<\/span><\/center><\/p>\n<h3 style=\"text-align: left;\">Tenue du club Elan GR<\/h3>\n<hr \/>\n<p><center><a href=\"http:\/\/elangr-chevilly.fr\/wp-content\/uploads\/2023\/05\/Textiles-Club-GR-Page-2.jpg\"><img decoding=\"async\" loading=\"lazy\" class=\"alignnone size-large wp-image-2258\" src=\"http:\/\/elangr-chevilly.fr\/wp-content\/uploads\/2023\/05\/Textiles-Club-GR-Page-2-724x1024.jpg\" alt=\"\" width=\"600\" height=\"849\" srcset=\"https:\/\/elangr-chevilly.fr\/wp-content\/uploads\/2023\/05\/Textiles-Club-GR-Page-2-724x1024.jpg 724w, https:\/\/elangr-chevilly.fr\/wp-content\/uploads\/2023\/05\/Textiles-Club-GR-Page-2-212x300.jpg 212w, https:\/\/elangr-chevilly.fr\/wp-content\/uploads\/2023\/05\/Textiles-Club-GR-Page-2-768x1086.jpg 768w\" sizes=\"(max-width: 600px) 100vw, 600px\" \/><\/a> <a href=\"http:\/\/elangr-chevilly.fr\/wp-content\/uploads\/2023\/05\/Textiles-Club-GR-Page-1.jpg\"><img decoding=\"async\" loading=\"lazy\" class=\"size-large wp-image-2259 aligncenter\" src=\"http:\/\/elangr-chevilly.fr\/wp-content\/uploads\/2023\/05\/Textiles-Club-GR-Page-1-724x1024.jpg\" alt=\"\" width=\"600\" height=\"849\" srcset=\"https:\/\/elangr-chevilly.fr\/wp-content\/uploads\/2023\/05\/Textiles-Club-GR-Page-1-724x1024.jpg 724w, https:\/\/elangr-chevilly.fr\/wp-content\/uploads\/2023\/05\/Textiles-Club-GR-Page-1-212x300.jpg 212w, https:\/\/elangr-chevilly.fr\/wp-content\/uploads\/2023\/05\/Textiles-Club-GR-Page-1-768x1086.jpg 768w\" sizes=\"(max-width: 600px) 100vw, 600px\" \/><\/a><\/center><center>Veuillez contacter le bureau pour plus d&rsquo;informations.<\/center><center><em>Attention, les prix de certains produits ne sont pas \u00e0 jour pour la saison 2024\/2025.<\/em><\/center><center><\/center><center>&#8212;&#8212;&#8212;&#8212;&#8212;&#8212;&#8212;&#8212;&#8212;&#8212;&#8212;&#8212;&#8212;&#8212;&#8212;&#8212;&#8212;&#8212;&#8212;&#8212;&#8212;&#8212;&#8212;&#8212;&#8212;&#8212;&#8212;&#8212;&#8211;<\/center><\/p>\n<article><\/article>\n<article>\n<h3>Cl\u00e9 USB du Gala \u00ab\u00a0Danse avec l&rsquo;ELAN GR\u00a0\u00bb 2024\/2025<\/h3>\n<p>Vous avez envie de revoir le gala de l&rsquo;an dernier?<\/p>\n<p>Parfait, la vid\u00e9o et les photos du gala sont disponibles sur <strong>cl\u00e9 usb personnalis\u00e9e<\/strong> pour 10 EUROS !!!\ud83e\udd38\u200d\u2640\ufe0f<\/p>\n<p>N\u2019h\u00e9sitez pas \u00e0 vous rapprocher d&rsquo;un entra\u00eeneur ou membre du bureau pour passer la commande.<\/p>\n<p><a href=\"http:\/\/elangr-chevilly.fr\/wp-content\/uploads\/2025\/10\/506939245_1316988680430720_7353471276220531071_n.jpg\"><img decoding=\"async\" loading=\"lazy\" class=\"size-large wp-image-3194 aligncenter\" src=\"http:\/\/elangr-chevilly.fr\/wp-content\/uploads\/2025\/10\/506939245_1316988680430720_7353471276220531071_n-724x1024.jpg\" alt=\"\" width=\"600\" height=\"849\" srcset=\"https:\/\/elangr-chevilly.fr\/wp-content\/uploads\/2025\/10\/506939245_1316988680430720_7353471276220531071_n-724x1024.jpg 724w, https:\/\/elangr-chevilly.fr\/wp-content\/uploads\/2025\/10\/506939245_1316988680430720_7353471276220531071_n-212x300.jpg 212w, https:\/\/elangr-chevilly.fr\/wp-content\/uploads\/2025\/10\/506939245_1316988680430720_7353471276220531071_n-768x1086.jpg 768w, https:\/\/elangr-chevilly.fr\/wp-content\/uploads\/2025\/10\/506939245_1316988680430720_7353471276220531071_n-1086x1536.jpg 1086w, https:\/\/elangr-chevilly.fr\/wp-content\/uploads\/2025\/10\/506939245_1316988680430720_7353471276220531071_n.jpg 1131w\" sizes=\"(max-width: 600px) 100vw, 600px\" \/><\/a><\/p>\n<article><\/article>\n<article><\/article>\n<article><\/article>\n<article><\/article>\n<article><\/article>\n<\/article>\n","protected":false},"excerpt":{"rendered":"<p>Pour toutes commandes, veuillez vous adresser \u00e0 un entra\u00eeneur ou \u00e0 un membre du bureau. Tenue du club Elan GR Veuillez contacter le bureau pour plus d&rsquo;informations.Attention, les prix de certains produits ne sont pas \u00e0 jour pour la saison 2024\/2025.&#8212;&#8212;&#8212;&#8212;&#8212;&#8212;&#8212;&#8212;&#8212;&#8212;&#8212;&#8212;&#8212;&#8212;&#8212;&#8212;&#8212;&#8212;&#8212;&#8212;&#8212;&#8212;&#8212;&#8212;&#8212;&#8212;&#8212;&#8212;&#8211; Cl\u00e9 USB du Gala \u00ab\u00a0Danse avec l&rsquo;ELAN GR\u00a0\u00bb 2024\/2025 Vous avez envie de revoir\u2026<\/p>\n","protected":false},"author":1,"featured_media":0,"parent":0,"menu_order":0,"comment_status":"closed","ping_status":"closed","template":"","meta":{"footnotes":""},"_links":{"self":[{"href":"https:\/\/elangr-chevilly.fr\/index.php\/wp-json\/wp\/v2\/pages\/102"}],"collection":[{"href":"https:\/\/elangr-chevilly.fr\/index.php\/wp-json\/wp\/v2\/pages"}],"about":[{"href":"https:\/\/elangr-chevilly.fr\/index.php\/wp-json\/wp\/v2\/types\/page"}],"author":[{"embeddable":true,"href":"https:\/\/elangr-chevilly.fr\/index.php\/wp-json\/wp\/v2\/users\/1"}],"replies":[{"embeddable":true,"href":"https:\/\/elangr-chevilly.fr\/index.php\/wp-json\/wp\/v2\/comments?post=102"}],"version-history":[{"count":22,"href":"https:\/\/elangr-chevilly.fr\/index.php\/wp-json\/wp\/v2\/pages\/102\/revisions"}],"predecessor-version":[{"id":3196,"href":"https:\/\/elangr-chevilly.fr\/index.php\/wp-json\/wp\/v2\/pages\/102\/revisions\/3196"}],"wp:attachment":[{"href":"https:\/\/elangr-chevilly.fr\/index.php\/wp-json\/wp\/v2\/media?parent=102"}],"curies":[{"name":"wp","href":"https:\/\/api.w.org\/{rel}","templated":true}]}}