{"id":1041,"date":"2019-11-10T10:55:59","date_gmt":"2019-11-10T09:55:59","guid":{"rendered":"http:\/\/elangr-chevilly.fr\/?page_id=1041"},"modified":"2019-11-10T11:20:22","modified_gmt":"2019-11-10T10:20:22","slug":"resultats-2018-2019","status":"publish","type":"page","link":"https:\/\/elangr-chevilly.fr\/index.php\/resultats-2018-2019\/","title":{"rendered":"R\u00e9sultats 2018-2019"},"content":{"rendered":"<p><a href=\"#Indiv\">&#8211; Individuelles <\/a><br \/>\n<a href=\"#Ensemble\">&#8211; Ensembles <\/a><\/p>\n<h2 id=\"Indiv\">Individuelles<\/h2>\n<table border=\"5\" cellpadding=\"5\">\n<tbody>\n<tr class=\"titre_tab\">\n<th><center>Gymnastes<\/center><\/th>\n<th><center>Cat\u00e9gories<\/center><\/th>\n<th><center>D\u00e9partement Sucy-en-Brie \/ Vitry-Sur-Seine<\/center><\/th>\n<th><center>Inter-D\u00e9partement Elancourt<\/center><\/th>\n<th><center>R\u00e9gion Marne-La-Vallee<\/center><\/th>\n<th><center>Championnat de France Chamb\u00e9ry<\/center><\/th>\n<\/tr>\n<tr>\n<td>Cl\u00e9mence PAITIER<\/td>\n<td>R\u00e9gionale 2 (16-17 ans)<\/td>\n<td><center>4\/4<\/center><\/td>\n<td><center><strong>2\/20<\/strong><\/center><\/td>\n<td><center>&#8211;<\/center><\/td>\n<td><center>&#8211;<\/center><\/td>\n<\/tr>\n<tr>\n<td>Gwendoline MASSE<\/td>\n<td>R\u00e9gionale 2 (18 ans et +)<\/td>\n<td><center><strong>1\/1<\/strong><\/center><\/td>\n<td><center>&#8211;<\/center><\/td>\n<td><center>&#8211;<\/center><\/td>\n<td><center>&#8211;<\/center><\/td>\n<\/tr>\n<tr>\n<td>Adela ROMAN<\/td>\n<td>R\u00e9gionale 1 (10-11 ans) )<\/td>\n<td><center>6\/13<\/center><\/td>\n<td><center>6\/27<\/center><\/td>\n<td><center>19\/35<\/center><\/td>\n<td><center>&#8211;<\/center><\/td>\n<\/tr>\n<tr>\n<td>Juna GUYON LECLERC<\/td>\n<td>R\u00e9gionale 1 (10-11 ans) )<\/td>\n<td><center><strong>1\/13<\/strong><\/center><\/td>\n<td><center><strong>2\/27<\/strong><\/center><\/td>\n<td><center>24\/35<\/center><\/td>\n<td><center>&#8211;<\/center><\/td>\n<\/tr>\n<tr>\n<td>Kelsie FORTIN<\/td>\n<td>R\u00e9gionale 1 (10-11 ans) )<\/td>\n<td><center>9\/13<\/center><\/td>\n<td><center>7\/27<\/center><\/td>\n<td><center>31\/35<\/center><\/td>\n<td><center>&#8211;<\/center><\/td>\n<\/tr>\n<tr>\n<td>Luthna BAZILE BODINEAU<\/td>\n<td>R\u00e9gionale 1 (10-11 ans) )<\/td>\n<td><center>12\/13<\/center><\/td>\n<td><center>5\/27<\/center><\/td>\n<td><center>21\/35<\/center><\/td>\n<td><center>&#8211;<\/center><\/td>\n<\/tr>\n<tr>\n<td>Marion MAZET<\/td>\n<td>R\u00e9gionale 1 (10-11 ans) )<\/td>\n<td><center>7\/13<\/center><\/td>\n<td><center><strong>1\/27<\/strong><\/center><\/td>\n<td><center>17\/35<\/center><\/td>\n<td><center>&#8211;<\/center><\/td>\n<\/tr>\n<tr>\n<td>Nah\u00e9ma PAIRAULT<\/td>\n<td>R\u00e9gionale 1 (10-11 ans) )<\/td>\n<td><center>11\/13<\/center><\/td>\n<td><center>10\/17<\/center><\/td>\n<td><center>24\/35<\/center><\/td>\n<td><center>&#8211;<\/center><\/td>\n<\/tr>\n<tr>\n<td>Camille MAZET<\/td>\n<td>R\u00e9gionale 1 (12-13 ans) )<\/td>\n<td><center>12\/13<\/center><\/td>\n<td><center>8\/10<\/center><\/td>\n<td><center>&#8211;<\/center><\/td>\n<td><center>&#8211;<\/center><\/td>\n<\/tr>\n<tr>\n<td>Janisse AMAH<\/td>\n<td>R\u00e9gionale 1 (14-15 ans)<\/td>\n<td><center>11\/14<\/center><\/td>\n<td><center><strong>2\/24<\/strong><\/center><\/td>\n<td><center>12\/34<\/center><\/td>\n<td><center>&#8211;<\/center><\/td>\n<\/tr>\n<tr>\n<td>Kim MIGNOT<\/td>\n<td>R\u00e9gionale 1 (14-15 ans)<\/td>\n<td><center>4\/14<\/center><\/td>\n<td><center>20\/24<\/center><\/td>\n<td><center>&#8211;<\/center><\/td>\n<td><center>&#8211;<\/center><\/td>\n<\/tr>\n<tr>\n<td>Lou PATIN<\/td>\n<td>R\u00e9gionale 1 (14-15 ans)<\/td>\n<td><center><strong>3\/14<\/strong><\/center><\/td>\n<td><center>19\/24<\/center><\/td>\n<td><center>&#8211;<\/center><\/td>\n<td><center>&#8211;<\/center><\/td>\n<\/tr>\n<tr>\n<td>M\u00e9line CONSTANCE<\/td>\n<td>R\u00e9gionale 1 (14-15 ans)<\/td>\n<td><center>7 ex aequo\/14<\/center><\/td>\n<td><center><strong>1\/24<\/strong><\/center><\/td>\n<td><center>9\/35<\/center><\/td>\n<td><center>&#8211;<\/center><\/td>\n<\/tr>\n<tr>\n<td>Andr\u00e9a ZENGOVSKI<\/td>\n<td>R\u00e9gionale 1 (16-17 ans)<\/td>\n<td><center>4\/8<\/center><\/td>\n<td><center>8\/10<\/center><\/td>\n<td><center>&#8211;<\/center><\/td>\n<td><center>&#8211;<\/center><\/td>\n<\/tr>\n<tr>\n<td>Fanny DEFRANCE<\/td>\n<td>R\u00e9gionale 1 (16-17 ans)<\/td>\n<td><center>7\/8<\/center><\/td>\n<td><center>9\/10<\/center><\/td>\n<td><center>&#8211;<\/center><\/td>\n<td><center>&#8211;<\/center><\/td>\n<\/tr>\n<tr>\n<td>Myriam MSALLEM<\/td>\n<td>R\u00e9gionale 1 (16-17 ans)<\/td>\n<td><center>5\/8<\/center><\/td>\n<td><center><strong>2\/10<\/strong><\/center><\/td>\n<td><center>17\/30<\/center><\/td>\n<td><center>&#8211;<\/center><\/td>\n<\/tr>\n<tr>\n<td>Manon VINCENTI<\/td>\n<td>R\u00e9gionale 1 (16-17 ans)<\/td>\n<td><center>6\/8<\/center><\/td>\n<td><center>6\/10<\/center><\/td>\n<td><center>21\/30<\/center><\/td>\n<td><center>&#8211;<\/center><\/td>\n<\/tr>\n<tr>\n<td>Ambre VIDALI &#8211; JUSTON<\/td>\n<td>F\u00e9d\u00e9rale (14-15 ans)<\/td>\n<td><center>16\/18<\/center><\/td>\n<td><center>16\/30<\/center><\/td>\n<td><center>&#8211;<\/center><\/td>\n<td><center>&#8211;<\/center><\/td>\n<\/tr>\n<tr>\n<td>Ma\u00efssa MSALLEM<\/td>\n<td>F\u00e9d\u00e9rale (14-15 ans)<\/td>\n<td><center>14\/18<\/center><\/td>\n<td><center>11\/30<\/center><\/td>\n<td><center>39\/39<\/center><\/td>\n<td><center>&#8211;<\/center><\/td>\n<\/tr>\n<tr>\n<td>Noa ROLANDO<\/td>\n<td>F\u00e9d\u00e9rale (14-15 ans)<\/td>\n<td><center>15\/18<\/center><\/td>\n<td><center>18\/30<\/center><\/td>\n<td><center>&#8211;<\/center><\/td>\n<td><center>&#8211;<\/center><\/td>\n<\/tr>\n<tr>\n<td>Thais\u00a0BASSEZ<\/td>\n<td>F\u00e9d\u00e9rale (14-15 ans)<\/td>\n<td><center>10\/18<\/center><\/td>\n<td><center>13\/30<\/center><\/td>\n<td><center>&#8211;<\/center><\/td>\n<td><center>&#8211;<\/center><\/td>\n<\/tr>\n<tr>\n<td>Cindy BARREAU<\/td>\n<td>Nationale C (18 ans et +):<\/td>\n<td><center>16\/17\/17<\/center><\/td>\n<td><center>7\/26<\/center><\/td>\n<td><center>34\/40<\/center><\/td>\n<td><center>&#8211;<\/center><\/td>\n<\/tr>\n<tr>\n<td>Cl\u00e9mence AUBIER<\/td>\n<td>Nationale C (18 ans et +):<\/td>\n<td><center>7\/17<\/center><\/td>\n<td><center>9\/26<\/center><\/td>\n<td><center>24\/40<\/center><\/td>\n<td><center>&#8211;<\/center><\/td>\n<\/tr>\n<tr>\n<td>Julie GIRODON<\/td>\n<td>Nationale C (18 ans et +):<\/td>\n<td><center>15\/17<\/center><\/td>\n<td><center>23\/26<\/center><\/td>\n<td><center>&#8211;<\/center><\/td>\n<td><center>&#8211;<\/center><\/td>\n<\/tr>\n<tr>\n<td>Thuy-Van TRAN-VAN-THOAN<\/td>\n<td>Nationale C (18 ans et +):<\/td>\n<td><center>14\/17<\/center><\/td>\n<td><center>11\/26<\/center><\/td>\n<td><center>36\/40<\/center><\/td>\n<td><center>&#8211;<\/center><\/td>\n<\/tr>\n<\/tbody>\n<\/table>\n<p>&nbsp;<\/p>\n<p>&nbsp;<\/p>\n<h2 id=\"Ensemble\">Ensembles<\/h2>\n<table border=\"5\" cellpadding=\"5\">\n<tbody>\n<tr class=\"titre_tab\">\n<th><center>Cat\u00e9gories<\/center><\/th>\n<th><center>D\u00e9partement &#8211; Vitry-sur-Seine<\/center><\/th>\n<th><center>Inter-D\u00e9partement St Germain \/ &#8211;\u00a0<\/center><\/th>\n<th><center>R\u00e9gion Cr\u00e9teil \/ Eaubonne \/ &#8211;<\/center><\/th>\n<th><center>Championnat de France &#8211; Brest \/ <strong>Besan\u00e7on<\/strong><\/center><\/th>\n<\/tr>\n<tr>\n<td>Duo R\u00e9gionale (10-11 ans) <span class=\"petit\">BOUKEROUIS-EL BOUHALI-GUIDOUX<\/span><\/td>\n<td><center><strong>1\/1<\/strong><\/center><\/td>\n<td><center><strong>2\/3<\/strong><\/center><\/td>\n<td><center>5\/5<\/center><\/td>\n<td><center>&#8211;<\/center><\/td>\n<\/tr>\n<tr>\n<td>Ensemble R\u00e9gionale (10-11 ans) <span class=\"petit\">BAKIDI-MESLOUHI-SALIBA-VINCENTI <\/span><\/td>\n<td><center><strong>2\/5<\/strong><\/center><\/td>\n<td><center><strong>2\/11<\/strong><\/center><\/td>\n<td><center>5\/16<\/center><\/td>\n<td><center>&#8211;<\/center><\/td>\n<\/tr>\n<tr>\n<td>Ensemble R\u00e9gionale (12-13 ans) <span class=\"petit\"> DARIEN-FANTIN-MAHAIT-MARTINS-MISSILOU-TERRIOU <\/span><\/td>\n<td><center>5\/7<\/center><\/td>\n<td><center>7\/9<\/center><\/td>\n<td><center>10\/15<\/center><\/td>\n<td><center>&#8211;<\/center><\/td>\n<\/tr>\n<tr>\n<td>Ensemble R\u00e9gionale (14-15 ans) <span class=\"petit\"> AMRAH-BOUCHARD-HAMZAOUI-KULATA <\/span><\/td>\n<td><center><strong>3\/3<\/strong><\/center><\/td>\n<td><center><strong>3\/6<\/strong><\/center><\/td>\n<td><center><strong>2\/13<\/strong><\/center><\/td>\n<td><center>&#8211;<\/center><\/td>\n<\/tr>\n<tr>\n<td>Ensemble F\u00e9d\u00e9rale B (10-11 ans) <span class=\"petit\">BAZILE BODINEAU-FORTIN-MAZET-PAIRAULT-ROMAN <\/span><\/td>\n<td><center>6\/8<\/center><\/td>\n<td><center>6\/15<\/center><\/td>\n<td><center><strong>3\/31<\/strong><\/center><\/td>\n<td><center><strong>3\/31<\/strong><\/center><\/td>\n<\/tr>\n<tr>\n<td>Ensemble F\u00e9d\u00e9rale B (14-15 ans) <span class=\"petit\"> AMAH-CONSTANCE-MIGNOT-PATIN <\/span><\/td>\n<td><center>9\/10<\/center><\/td>\n<td><center><strong>2\/14<\/strong><\/center><\/td>\n<td><center>14\/30<\/center><\/td>\n<td><center>&#8211;<\/center><\/td>\n<\/tr>\n<tr>\n<td>Ensemble F\u00e9d\u00e9rale B (16-17 ans) <span class=\"petit\"> DEFRANCE-MSALLEM-VICENTI-ZENGOVSKI<\/span><\/td>\n<td><center>4\/5<\/center><\/td>\n<td><center>6\/7<\/center><\/td>\n<td><center>20\/20<\/center><\/td>\n<td><center>&#8211;<\/center><\/td>\n<\/tr>\n<tr>\n<td>Ensemble F\u00e9d\u00e9rale A (14-15 ans) <span class=\"petit\"> BASSEZ-MAZET-MSALLEM-ROLANDO-VIDALI JUSTON<\/span><\/td>\n<td><center>6\/6<\/center><\/td>\n<td><center>5\/9<\/center><\/td>\n<td><center>10\/15<\/center><\/td>\n<td><center>&#8211;<\/center><\/td>\n<\/tr>\n<tr>\n<td>Nationale (18 et +) <span class=\"petit\"> AUBIER-BARREAU-BRUYAT-GIRODON-LANDIE-TRAN VAN THOAN <\/span><\/td>\n<td><center><strong>3\/3<\/strong><\/center><\/td>\n<td><center>5\/8<\/center><\/td>\n<td><center>13\/15<\/center><\/td>\n<td><center>&#8211;<\/center><\/td>\n<\/tr>\n<\/tbody>\n<\/table>\n<p>&nbsp;<\/p>\n<table border=\"5\" cellpadding=\"5\">\n<tbody>\n<tr class=\"titre_tab\">\n<th><center>Cat\u00e9gories<\/center><\/th>\n<th><center>Grand Prix Val de Marne Thiais<\/center><\/th>\n<\/tr>\n<tr>\n<td><center>Ensemble F\u00e9d\u00e9rale A (14-15 ans)<\/center><\/td>\n<td><center><strong>3\/5<\/strong><\/center><\/td>\n<\/tr>\n<tr>\n<td><center>Nationale (18 et +)<\/center><\/td>\n<td><center><strong>3\/3<\/strong><\/center><\/td>\n<\/tr>\n<\/tbody>\n<\/table>\n","protected":false},"excerpt":{"rendered":"<p>&#8211; Individuelles &#8211; Ensembles Individuelles Gymnastes Cat\u00e9gories D\u00e9partement Sucy-en-Brie \/ Vitry-Sur-Seine Inter-D\u00e9partement Elancourt R\u00e9gion Marne-La-Vallee Championnat de France Chamb\u00e9ry Cl\u00e9mence PAITIER R\u00e9gionale 2 (16-17 ans) 4\/4 2\/20 &#8211; &#8211; Gwendoline MASSE R\u00e9gionale 2 (18 ans et +) 1\/1 &#8211; &#8211; &#8211; Adela ROMAN R\u00e9gionale 1 (10-11 ans) ) 6\/13 6\/27 19\/35 &#8211; Juna GUYON LECLERC\u2026<\/p>\n","protected":false},"author":1,"featured_media":0,"parent":0,"menu_order":0,"comment_status":"closed","ping_status":"closed","template":"","meta":{"footnotes":""},"_links":{"self":[{"href":"https:\/\/elangr-chevilly.fr\/index.php\/wp-json\/wp\/v2\/pages\/1041"}],"collection":[{"href":"https:\/\/elangr-chevilly.fr\/index.php\/wp-json\/wp\/v2\/pages"}],"about":[{"href":"https:\/\/elangr-chevilly.fr\/index.php\/wp-json\/wp\/v2\/types\/page"}],"author":[{"embeddable":true,"href":"https:\/\/elangr-chevilly.fr\/index.php\/wp-json\/wp\/v2\/users\/1"}],"replies":[{"embeddable":true,"href":"https:\/\/elangr-chevilly.fr\/index.php\/wp-json\/wp\/v2\/comments?post=1041"}],"version-history":[{"count":2,"href":"https:\/\/elangr-chevilly.fr\/index.php\/wp-json\/wp\/v2\/pages\/1041\/revisions"}],"predecessor-version":[{"id":1049,"href":"https:\/\/elangr-chevilly.fr\/index.php\/wp-json\/wp\/v2\/pages\/1041\/revisions\/1049"}],"wp:attachment":[{"href":"https:\/\/elangr-chevilly.fr\/index.php\/wp-json\/wp\/v2\/media?parent=1041"}],"curies":[{"name":"wp","href":"https:\/\/api.w.org\/{rel}","templated":true}]}}