{"id":2017,"date":"2022-09-24T10:26:03","date_gmt":"2022-09-24T08:26:03","guid":{"rendered":"http:\/\/elangr-chevilly.fr\/?page_id=2017"},"modified":"2022-09-24T10:53:57","modified_gmt":"2022-09-24T08:53:57","slug":"resultats-2021-2022","status":"publish","type":"page","link":"https:\/\/elangr-chevilly.fr\/index.php\/resultats-2021-2022\/","title":{"rendered":"R\u00e9sultats 2021-2022"},"content":{"rendered":"<p><a href=\"#Indiv\">&#8211; Individuelles <\/a><br \/>\n<a href=\"#Ensemble\">&#8211; Ensembles <\/a><\/p>\n<h2 id=\"Indiv\">Individuelles<\/h2>\n<p>&nbsp;<\/p>\n<table border=\"5\" cellpadding=\"5\">\n<tbody>\n<tr class=\"titre_tab\">\n<th><center>Gymnastes<\/center><\/th>\n<th><center>Cat\u00e9gories<\/center><\/th>\n<th><center>D\u00e9partement &#8211; SUCY<\/center><\/th>\n<th><center>Inter-D\u00e9partement &#8211; WISSOUS<\/center><\/th>\n<th><center>R\u00e9gion &#8211;<\/center><\/th>\n<th><center>Championnat de France &#8211;<\/center><\/th>\n<\/tr>\n<tr>\n<td>Marion MAZET<\/td>\n<td>F\u00e9d\u00e9rale (14-15 ans)<\/td>\n<td><center>6\/9 &#8211; 8.250<\/center><\/td>\n<td><center>20\/24 &#8211; 7.300<\/center><\/td>\n<td><center>&#8211;<\/center><\/td>\n<td><center>&#8211;<\/center><\/td>\n<\/tr>\n<\/tbody>\n<\/table>\n<p>&nbsp;<\/p>\n<p>&nbsp;<\/p>\n<h2 id=\"Ensemble\">Ensembles<\/h2>\n<table border=\"5\" cellpadding=\"5\">\n<tbody>\n<tr class=\"titre_tab\">\n<th><center>Cat\u00e9gories<\/center><\/th>\n<th><center>D\u00e9partement &#8211; THIAIS<\/center><\/th>\n<th><center>Inter-D\u00e9partement &#8211;\u00a0 LARDY\/CHEVILLY LARUE<\/center><\/th>\n<th><center>R\u00e9gion &#8211; CRETEIL \/ THIAIS<\/center><\/th>\n<th><center>Championnat de France &#8211; CHAMBERY<\/center><\/th>\n<\/tr>\n<tr>\n<td>Ensemble F\u00e9d\u00e9rale B (12-13 ans) <span class=\"petit\">(CHEBLI &#8211; GUIMBAUD &#8211; QUEIROZ FERREIRA &#8211; SAHNOUN &#8211; BELOUCIF &#8211; PRUNAK) <\/span><\/td>\n<td><center>7\u00e8me\/7<\/center><\/td>\n<td><center>4\u00e8me\/10<\/center><\/td>\n<td><center>28\/31<\/center><\/td>\n<td><center>&#8211;<\/center><\/td>\n<\/tr>\n<tr>\n<td>Ensemble F\u00e9d\u00e9rale B (18 et +) <span class=\"petit\">(DEFRANCE &#8211; VINCENTI &#8211; MSALLEM &#8211; ZENGOVSKI) <\/span><\/td>\n<td><center>4\u00e8me\/6<\/center><\/td>\n<td><center>5\u00e8me \/7<\/center><\/td>\n<td><center>6\/22<\/center><\/td>\n<td><center>9\/35<\/center><\/td>\n<\/tr>\n<tr>\n<td>Duo F\u00e9d\u00e9ral <span class=\"petit\">(CONSTANCE &#8211; PATIN &#8211; MISSILOU) <\/span><\/td>\n<td><center><strong>2\u00e8me\/2<\/strong><\/center><\/td>\n<td><center>11\u00e8me\/18<\/center><\/td>\n<td><center>4\/36<\/center><\/td>\n<td><center>13\/43<\/center><\/td>\n<\/tr>\n<tr>\n<td>Ensemble F\u00e9d\u00e9rale A (14-15 ans) <span class=\"petit\">(BAZILE BODINEAU &#8211; SALIBA &#8211; MAZET &#8211; PAIRAULT &#8211; FORTIN) <\/span><\/td>\n<td><center><strong>1\u00e8re\/3<\/strong><\/center><\/td>\n<td><center><strong>3\u00e8me\/4<\/strong><\/center><\/td>\n<td><center>9\/17<\/center><\/td>\n<td><center>15\/35<\/center><\/td>\n<\/tr>\n<tr>\n<td>Duo National <span class=\"petit\">(ROLANDO &#8211; VIDALI-JUSTON &#8211; BASSEZ) <\/span><\/td>\n<td><center><strong>3\u00e8me\/3<\/strong><\/center><\/td>\n<td><center>8\u00e8me\/8<\/center><\/td>\n<td><center>16\/24<\/center><\/td>\n<td><center>&#8211;<\/center><\/td>\n<\/tr>\n<\/tbody>\n<\/table>\n<p><a href=\"http:\/\/elangr-chevilly.fr\/index.php\/resultats-2019-2020\/\" target=\"_blank\" rel=\"noopener\"><strong><br \/>\nVoir les r\u00e9sultats de la saison 2019\/2020<\/strong><\/a><br \/>\n<a href=\"http:\/\/elangr-chevilly.fr\/index.php\/resultats-2018-2019\/\" target=\"_blank\" rel=\"noopener\"><strong><br \/>\nVoir les r\u00e9sultats de la saison 2018\/2019<\/strong><\/a><\/p>\n","protected":false},"excerpt":{"rendered":"<p>&#8211; Individuelles &#8211; Ensembles Individuelles &nbsp; Gymnastes Cat\u00e9gories D\u00e9partement &#8211; SUCY Inter-D\u00e9partement &#8211; WISSOUS R\u00e9gion &#8211; Championnat de France &#8211; Marion MAZET F\u00e9d\u00e9rale (14-15 ans) 6\/9 &#8211; 8.250 20\/24 &#8211; 7.300 &#8211; &#8211; &nbsp; &nbsp; Ensembles Cat\u00e9gories D\u00e9partement &#8211; THIAIS Inter-D\u00e9partement &#8211;\u00a0 LARDY\/CHEVILLY LARUE R\u00e9gion &#8211; CRETEIL \/ THIAIS Championnat de France &#8211; CHAMBERY Ensemble\u2026<\/p>\n","protected":false},"author":1,"featured_media":0,"parent":0,"menu_order":0,"comment_status":"closed","ping_status":"closed","template":"","meta":{"footnotes":""},"_links":{"self":[{"href":"https:\/\/elangr-chevilly.fr\/index.php\/wp-json\/wp\/v2\/pages\/2017"}],"collection":[{"href":"https:\/\/elangr-chevilly.fr\/index.php\/wp-json\/wp\/v2\/pages"}],"about":[{"href":"https:\/\/elangr-chevilly.fr\/index.php\/wp-json\/wp\/v2\/types\/page"}],"author":[{"embeddable":true,"href":"https:\/\/elangr-chevilly.fr\/index.php\/wp-json\/wp\/v2\/users\/1"}],"replies":[{"embeddable":true,"href":"https:\/\/elangr-chevilly.fr\/index.php\/wp-json\/wp\/v2\/comments?post=2017"}],"version-history":[{"count":4,"href":"https:\/\/elangr-chevilly.fr\/index.php\/wp-json\/wp\/v2\/pages\/2017\/revisions"}],"predecessor-version":[{"id":2022,"href":"https:\/\/elangr-chevilly.fr\/index.php\/wp-json\/wp\/v2\/pages\/2017\/revisions\/2022"}],"wp:attachment":[{"href":"https:\/\/elangr-chevilly.fr\/index.php\/wp-json\/wp\/v2\/media?parent=2017"}],"curies":[{"name":"wp","href":"https:\/\/api.w.org\/{rel}","templated":true}]}}