{"id":2345,"date":"2023-10-14T10:59:19","date_gmt":"2023-10-14T08:59:19","guid":{"rendered":"http:\/\/elangr-chevilly.fr\/?page_id=2345"},"modified":"2023-10-14T11:19:18","modified_gmt":"2023-10-14T09:19:18","slug":"resultats-2022-2023","status":"publish","type":"page","link":"https:\/\/elangr-chevilly.fr\/index.php\/resultats-2022-2023\/","title":{"rendered":"R\u00e9sultats 2022-2023"},"content":{"rendered":"\n<p><\/p>\n\n\n\n<p><a href=\"#Indiv\">&#8211; Individuelles<\/a><br><a href=\"#Ensemble\">&#8211; Ensembles<\/a><\/p>\n\n\n\n<h2 class=\"wp-block-heading\" id=\"Indiv\">Individuelles<\/h2>\n\n\n\n<figure class=\"wp-block-table\"><table><tbody><tr><th>Gymnastes<\/th><th>Cat\u00e9gories<\/th><th>D\u00e9partement &#8211; Thiais<\/th><th>Inter-D\u00e9partement &#8211; Lardy<\/th><th>R\u00e9gion &#8211; Paris\/Morsang<\/th><th>Championnat de France &#8211; S\u00e9lestat<\/th><\/tr><tr><td>Ana\u00efs QUIEROZ FERREIRA<\/td><td>R\u00e9gionale A (12-13 ans)<\/td><td>16\/16<\/td><td>30\/43<\/td><td>&#8211;<\/td><td>&#8211;<\/td><\/tr><tr><td>Ameline GUIMBAUD<\/td><td>R\u00e9gionale A (12-13 ans)<\/td><td>5\/16<\/td><td>10\/43 (qualifi\u00e9e)<\/td><td>29\/38<\/td><td>&#8211;<\/td><\/tr><tr><td>Emma BELOUCIF<\/td><td>R\u00e9gionale A (12-13 ans)<\/td><td>10\/16<\/td><td>38\/43<\/td><td>&#8211;<\/td><td>&#8211;<\/td><\/tr><tr><td>M\u00e9lina SAHNOUN<\/td><td>R\u00e9gionale A (12-13 ans)<\/td><td>15\/16<\/td><td>40\/43<\/td><td>&#8211;<\/td><td>&#8211;<\/td><\/tr><tr><td>Roudayna CHEBLI<\/td><td>R\u00e9gionale A (12-13 ans)<\/td><td>13\/16<\/td><td>24\/43<\/td><td>&#8211;<\/td><td>&#8211;<\/td><\/tr><tr><td>Anna PRUNAK RUNGEARD<\/td><td>R\u00e9gionale A (14-15 ans)<\/td><td>15\/22<\/td><td>37\/39<\/td><td>&#8211;<\/td><td>&#8211;<\/td><\/tr><tr><td>Kelsie FORTIN<\/td><td>F\u00e9d\u00e9rale A (14-15 ans)<\/td><td>15\/16<\/td><td>11\/23<\/td><td>37\/40<\/td><td>&#8211;<\/td><\/tr><tr><td>Luthna BAZILE BODINEAU<\/td><td>F\u00e9d\u00e9rale A (14-15 ans)<\/td><td>11\/16<\/td><td>10\/23 (qualifi\u00e9e)<\/td><td>35\/40<\/td><td>&#8211;<\/td><\/tr><tr><td>Marion MAZET<\/td><td>F\u00e9d\u00e9rale A (14-15 ans)<\/td><td>13\/16<\/td><td>14\/23<\/td><td>&#8211;<\/td><td>&#8211;<\/td><\/tr><tr><td>Sol\u00e8ne SALIBA<\/td><td>F\u00e9d\u00e9rale A (14-15 ans)<\/td><td>16\/16<\/td><td>14\/23<\/td><td>&#8211;<\/td><td>&#8211;<\/td><\/tr><tr><td>Lindsay MISSILOU<\/td><td>F\u00e9d\u00e9rale A (16-17 ans)<\/td><td>Forfait<\/td><td>20\/20<\/td><td>&#8211;<\/td><td>&#8211;<\/td><\/tr><tr><td>Agathe BRUYAT<\/td><td>F\u00e9d\u00e9rale A (18 ans et +)<\/td><td>6\/11<\/td><td>24\/29<\/td><td>&#8211;<\/td><td>&#8211;<\/td><\/tr><tr><td>Ambre VIDALI JUSTON<\/td><td>F\u00e9d\u00e9rale A (18 ans et +)<\/td><td>4\/11<\/td><td>26\/29<\/td><td>&#8211;<\/td><td>&#8211;<\/td><\/tr><tr><td>Cl\u00e9mence AUBIER<\/td><td>F\u00e9d\u00e9rale A (18 ans et +)<\/td><td>7\/11<\/td><td>11\/29 (qualifi\u00e9e)<\/td><td><strong>3\u00e8me\/40<\/strong>(qualifi\u00e9e)<\/td><td>39\/41<\/td><\/tr><tr><td>Lou PATIN<\/td><td>F\u00e9d\u00e9rale A (18 ans et +)<\/td><td>11\/11<\/td><td>28\/29<\/td><td>&#8211;<\/td><td>&#8211;<\/td><\/tr><tr><td>Noa ROLANDO<\/td><td>F\u00e9d\u00e9rale A (18 ans et +)<\/td><td>10\/11<\/td><td>Forfait<\/td><td>&#8211;<\/td><td>&#8211;<\/td><\/tr><\/tbody><\/table><\/figure>\n\n\n\n<h2 class=\"wp-block-heading\" id=\"Ensemble\">Ensembles<\/h2>\n\n\n\n<figure class=\"wp-block-table\"><table><tbody><tr><th>Cat\u00e9gories<\/th><th>D\u00e9partement &#8211; Vitry<\/th><th>Inter-D\u00e9partement &#8211;&nbsp;<\/th><th>R\u00e9gion &#8211;<\/th><th>Championnat de France &#8211;<\/th><\/tr><tr><td>Ensemble R\u00e9gionale (12-13 ans) (CEREJO CONSTANTINO &#8211; CHIBOUTI &#8211; HADOUMI &#8211; KULATA)<\/td><td>4\/4<\/td><td>16\/16<\/td><td>24\/27<\/td><td>&#8211;<\/td><\/tr><tr><td>Ensemble Trio R\u00e9gionale TC (BENZERGA &#8211; DAUDEVILLE &#8211; DIEUMEGARD)<\/td><td>4\/5<\/td><td>13\/15<\/td><td>8\/19<\/td><td>&#8211;<\/td><\/tr><tr><td>Ensemble F\u00e9d\u00e9rale C (ARNAUT &#8211; BALIT &#8211; BOUCHU &#8211; GUISSOUSS &#8211; LE BRAS &#8211; LUCIC &#8211; SCHAMBOURG &#8211; VALENTE &#8211; VIEIRA)<\/td><td>4\/4<\/td><td><strong>3\/4<\/strong><\/td><td>17\/19<\/td><td>&#8211;<\/td><\/tr><tr><td>Ensemble F\u00e9d\u00e9rale B (14 &#8211; 15 ans) (CHEBLI &#8211; GUIMBAUD &#8211; QUEIROZ FERREIRA &#8211; SAHNOUN &#8211; BELOUCIF &#8211; PRUNAK)<\/td><td>5\/9<\/td><td><strong>1\/6<\/strong><\/td><td>12\/24<\/td><td>&#8211;<\/td><\/tr><tr><td>Ensemble Duo F\u00e9d\u00e9rale A TC (BRUYAT &#8211; AUBIER)<\/td><td><strong>3\/5<\/strong><\/td><td>6\/18<\/td><td>9\/39<\/td><td>&#8211;<\/td><\/tr><tr><td>Ensemble F\u00e9d\u00e9rale A (14-15 ans) (BAZILE BODINEAU &#8211; SALIBA &#8211; MAZET &#8211; FORTIN)<\/td><td>4\/4<\/td><td>10\/12<\/td><td>15\/16<\/td><td>&#8211;<\/td><\/tr><tr><td>Ensemble F\u00e9d\u00e9rale A (18 ans et +) (ROLANDO &#8211; VIDALI-JUSTON &#8211; CONSTANCE &#8211; DEFRANCE &#8211; MISSILOU &#8211; PATIN &#8211; VINCENTI)<\/td><td>6\/6<\/td><td>16\/17<\/td><td>27\/30<\/td><td>&#8211;<\/td><\/tr><\/tbody><\/table><\/figure>\n\n\n\n<p><a href=\"http:\/\/elangr-chevilly.fr\/index.php\/resultats-2021-2022\/\" target=\"_blank\" rel=\"noreferrer noopener\"><strong><br>Voir les r\u00e9sultats de la saison 2021\/2022<\/strong><\/a><br><a href=\"http:\/\/elangr-chevilly.fr\/index.php\/resultats-2019-2020\/\" target=\"_blank\" rel=\"noreferrer noopener\"><strong><br>Voir les r\u00e9sultats de la saison 2019\/2020<\/strong><\/a><br><a href=\"http:\/\/elangr-chevilly.fr\/index.php\/resultats-2018-2019\/\" target=\"_blank\" rel=\"noreferrer noopener\"><strong><br>Voir les r\u00e9sultats de la saison 2018\/2019<\/strong><\/a><\/p>\n","protected":false},"excerpt":{"rendered":"<p>&#8211; Individuelles&#8211; Ensembles Individuelles Gymnastes Cat\u00e9gories D\u00e9partement &#8211; Thiais Inter-D\u00e9partement &#8211; Lardy R\u00e9gion &#8211; Paris\/Morsang Championnat de France &#8211; S\u00e9lestat Ana\u00efs QUIEROZ FERREIRA R\u00e9gionale A (12-13 ans) 16\/16 30\/43 &#8211; &#8211; Ameline GUIMBAUD R\u00e9gionale A (12-13 ans) 5\/16 10\/43 (qualifi\u00e9e) 29\/38 &#8211; Emma BELOUCIF R\u00e9gionale A (12-13 ans) 10\/16 38\/43 &#8211; &#8211; M\u00e9lina SAHNOUN R\u00e9gionale\u2026<\/p>\n","protected":false},"author":1,"featured_media":0,"parent":0,"menu_order":0,"comment_status":"closed","ping_status":"closed","template":"","meta":{"footnotes":""},"_links":{"self":[{"href":"https:\/\/elangr-chevilly.fr\/index.php\/wp-json\/wp\/v2\/pages\/2345"}],"collection":[{"href":"https:\/\/elangr-chevilly.fr\/index.php\/wp-json\/wp\/v2\/pages"}],"about":[{"href":"https:\/\/elangr-chevilly.fr\/index.php\/wp-json\/wp\/v2\/types\/page"}],"author":[{"embeddable":true,"href":"https:\/\/elangr-chevilly.fr\/index.php\/wp-json\/wp\/v2\/users\/1"}],"replies":[{"embeddable":true,"href":"https:\/\/elangr-chevilly.fr\/index.php\/wp-json\/wp\/v2\/comments?post=2345"}],"version-history":[{"count":3,"href":"https:\/\/elangr-chevilly.fr\/index.php\/wp-json\/wp\/v2\/pages\/2345\/revisions"}],"predecessor-version":[{"id":2349,"href":"https:\/\/elangr-chevilly.fr\/index.php\/wp-json\/wp\/v2\/pages\/2345\/revisions\/2349"}],"wp:attachment":[{"href":"https:\/\/elangr-chevilly.fr\/index.php\/wp-json\/wp\/v2\/media?parent=2345"}],"curies":[{"name":"wp","href":"https:\/\/api.w.org\/{rel}","templated":true}]}}