{"id":2837,"date":"2024-11-02T11:48:41","date_gmt":"2024-11-02T10:48:41","guid":{"rendered":"https:\/\/elangr-chevilly.fr\/?page_id=2837"},"modified":"2024-11-02T11:48:42","modified_gmt":"2024-11-02T10:48:42","slug":"resultats-2023-2024","status":"publish","type":"page","link":"https:\/\/elangr-chevilly.fr\/index.php\/resultats-2023-2024\/","title":{"rendered":"R\u00e9sultats 2023-2024"},"content":{"rendered":"\n<p><a href=\"http:\/\/elangr-chevilly.fr\/index.php\/calendrier\/\" target=\"_blank\" rel=\"noreferrer noopener\"><strong>Voir le Calendrier de la saison 2023 \/ 2024<\/strong><\/a><\/p>\n\n\n\n<p><a href=\"#Indiv\">&#8211; Individuelles<\/a><br><a href=\"#Ensemble\">&#8211; Ensembles<\/a><\/p>\n\n\n\n<h2 class=\"wp-block-heading\" id=\"Indiv\">Individuelles<\/h2>\n\n\n\n<figure class=\"wp-block-table\"><table><tbody><tr><th>Gymnastes<\/th><th>Cat\u00e9gories<\/th><th>D\u00e9partement &#8211; Sucy-En-Brie<\/th><th>Inter-D\u00e9partement &#8211; Wissous<\/th><th>R\u00e9gion &#8211; Evry \/&nbsp; Morangis<\/th><th>Championnat de France &#8211; Boulogne sur Mer<\/th><\/tr><tr><td>Ana\u00efs QUIEROZ FERREIRA<\/td><td>R\u00e9gionale A (12-13 ans)<\/td><td>5\/5<\/td><td>5\/9<\/td><td>&#8211;<\/td><td>&#8211;<\/td><\/tr><tr><td>Emma BELOUCIF<\/td><td>R\u00e9gionale A (12-13 ans)<\/td><td><strong>1\/5<\/strong><\/td><td>8\/9<\/td><td>&#8211;<\/td><td>&#8211;<\/td><\/tr><tr><td>Ameline GUIMBAUD<\/td><td>R\u00e9gionale A (14-15 ans)<\/td><td>9\/17<\/td><td>19\/29<\/td><td>&#8211;<\/td><td>&#8211;<\/td><\/tr><tr><td>M\u00e9lina SAHNOUN<\/td><td>R\u00e9gionale A (14-15 ans)<\/td><td>15\/17<\/td><td>25\/29<\/td><td>&#8211;<\/td><td>&#8211;<\/td><\/tr><tr><td>Anna PRUNAK RUNGEARD<\/td><td>R\u00e9gionale A (14-15 ans)<\/td><td>12\/15<\/td><td>29\/29<\/td><td>&#8211;<\/td><td>&#8211;<\/td><\/tr><tr><td>Kelsie FORTIN<\/td><td>F\u00e9d\u00e9rale A (14-15 ans)<\/td><td>8\/12<\/td><td>12\/19<\/td><td>&#8211;<\/td><td>&#8211;<\/td><\/tr><tr><td>Luthna BAZILE BODINEAU<\/td><td>F\u00e9d\u00e9rale A (14-15 ans)<\/td><td>5\/13<\/td><td>14\/19<\/td><td>&#8211;<\/td><td>&#8211;<\/td><\/tr><tr><td>Sol\u00e8ne SALIBA<\/td><td>F\u00e9d\u00e9rale A (16-17 ans)<\/td><td>11\/16<\/td><td>10\/21<\/td><td>37\/40<\/td><td>&#8211;<\/td><\/tr><tr><td>Lindsay MISSILOU<\/td><td>F\u00e9d\u00e9rale A (16-17 ans)<\/td><td>13\/16<\/td><td>18\/21<\/td><td>&#8211;<\/td><td>&#8211;<\/td><\/tr><tr><td>Ambre VIDALI JUSTON<\/td><td>F\u00e9d\u00e9rale A (18 ans et +)<\/td><td>20\/24<\/td><td>29\/45<\/td><td>&#8211;<\/td><td>&#8211;<\/td><\/tr><tr><td>Ana\u00eblle SALIBA<\/td><td>F\u00e9d\u00e9rale A (18 ans et +)<\/td><td>7\/24<\/td><td>45\/45<\/td><td>&#8211;<\/td><td>&#8211;<\/td><\/tr><tr><td>Andr\u00e9a ZENGOVSKI<\/td><td>F\u00e9d\u00e9rale A (18 ans et +)<\/td><td>15\/24<\/td><td>44\/45<\/td><td>&#8211;<\/td><td>&#8211;<\/td><\/tr><tr><td>Astrid GRANERO<\/td><td>F\u00e9d\u00e9rale A (18 ans et +)<\/td><td>6\/24<\/td><td>11\/45<\/td><td>29\/40<\/td><td>&#8211;<\/td><\/tr><tr><td>Cl\u00e9mence AUBIER<\/td><td>F\u00e9d\u00e9rale A (18 ans et +)<\/td><td>8\/24<\/td><td>Forfait<\/td><td>&#8211;<\/td><td>&#8211;<\/td><\/tr><tr><td>M\u00e9line CONSTANCE<\/td><td>F\u00e9d\u00e9rale A (18 ans et +)<\/td><td>15\/24<\/td><td>13\/45<\/td><td>40\/40<\/td><td>&#8211;<\/td><\/tr><tr><td>Noa ROLANDO<\/td><td>F\u00e9d\u00e9rale A (18 ans et +)<\/td><td>18\/24<\/td><td>Forfait<\/td><td>&#8211;<\/td><td>&#8211;<\/td><\/tr><\/tbody><\/table><\/figure>\n\n\n\n<h2 class=\"wp-block-heading\" id=\"Ensemble\">Ensembles<\/h2>\n\n\n\n<figure class=\"wp-block-table\"><table><tbody><tr><th>Cat\u00e9gories<\/th><th>D\u00e9partement &#8211; Thiais<\/th><th>Inter-D\u00e9partement &#8211;&nbsp;Vitry \/ Chevilly-Larue<\/th><th>R\u00e9gion &#8211; St Germain Les Arpajons \/ Cr\u00e9teil<\/th><th>Championnat de France &#8211; Les Ponts de Ce \/ La Roche sur Foron<\/th><\/tr><tr><td>Ensemble R\u00e9gionale (7-9 ans) (ANDRIANOMENTSOA &#8211; APREDA &#8211; GARNIER &#8211; GUISSOUSS &#8211; MUSUNI BATISTA &#8211; VOLCOV)<\/td><td><strong>3\/5<\/strong><\/td><td><strong>3\/10<\/strong><\/td><td>6\/18<\/td><td>&#8211;<\/td><\/tr><tr><td>Ensemble R\u00e9gionale (10-11 ans) (AUCLAIR &#8211; JOACHIMSTHALER &#8211; PREUILH GBOCHO &#8211; SMAIL &#8211; TUZI)<\/td><td>4\/5<\/td><td>17\/19<\/td><td>&#8211;<\/td><td>&#8211;<\/td><\/tr><tr><td>Ensemble R\u00e9gionale (14-15 ans) (CEREJO CONSTANTINO &#8211; CHIBOUTI &#8211; GAY &#8211; KULATA &#8211; MARCHAND &#8211; MASSON)<\/td><td><strong>1\/5<\/strong><\/td><td>11\/12<\/td><td>17\/18<\/td><td>&#8211;<\/td><\/tr><tr><td>Individuelle R\u00e9gionale B (16-17 ans) Kendy<\/td><td><strong>2\/3<\/strong><\/td><td><strong>3\/6<\/strong><\/td><td>&#8211;<\/td><td>&#8211;<\/td><\/tr><tr><td>Individuelle R\u00e9gionale B (22 ans et +) Carlyne<\/td><td><strong>2\/2<\/strong><\/td><td>4\/5<\/td><td>&#8211;<\/td><td>&#8211;<\/td><\/tr><tr><td>Ensemble F\u00e9d\u00e9rale C (13 ans et -) (ARNAUT &#8211; BAZILE BODINEAU &#8211; BOUCHU &#8211; GUISSOUSS &#8211; LE BRAS &#8211; SCHAMBOURG &#8211; VALENTE &#8211; VIEIRA)<\/td><td><strong>3\/5<\/strong><\/td><td>7\/8<\/td><td>8\/19<\/td><td>18\/40<\/td><\/tr><tr><td>Ensemble F\u00e9d\u00e9rale B (14 &#8211; 15 ans) (BELOUCIF &#8211; GUIMBAUD &#8211; QUEIROZ FERREIRA &#8211; SAHNOUN &#8211; PRUNAK)<\/td><td><strong>3\/3<\/strong><\/td><td>7\/7<\/td><td>18\/20<\/td><td>&#8211;<\/td><\/tr><tr><td>Ensemble Duo F\u00e9d\u00e9rale A TC (BARREAU &#8211; BRUYAT &#8211; ZENGOVSKI)<\/td><td>5\/5<\/td><td>7\/15<\/td><td>13\/26<\/td><td>&#8211;<\/td><\/tr><tr><td>Ensemble F\u00e9d\u00e9rale A (16-17 ans) (BAZILE BODINEAU &#8211; FORTIN &#8211; LIEGHIO &#8211; MAZET &#8211; MISSILOU &#8211; SALIBA)<\/td><td><strong>3\/4<\/strong><\/td><td>7\/15<\/td><td>14\/20<\/td><td>&#8211;<\/td><\/tr><tr><td>Ensemble F\u00e9d\u00e9rale A (18 ans et +) (AUBIER &#8211; CONSTANCE &#8211; GRANERO &#8211; ROLANDO &#8211; SALIBA &#8211; VIDALI-JUSTON)<\/td><td>6\/7<\/td><td>16\/16<\/td><td>&#8211;<\/td><td>&#8211;<\/td><\/tr><\/tbody><\/table><\/figure>\n\n\n\n<p><a href=\"http:\/\/elangr-chevilly.fr\/index.php\/resultats-2022-2023\/\" target=\"_blank\" rel=\"noreferrer noopener\"><strong><br>Voir les r\u00e9sultats de la saison 2022\/2023<\/strong><\/a><br><a href=\"http:\/\/elangr-chevilly.fr\/index.php\/resultats-2021-2022\/\" target=\"_blank\" rel=\"noreferrer noopener\"><strong><br>Voir les r\u00e9sultats de la saison 2021\/2022<\/strong><\/a><br><a href=\"http:\/\/elangr-chevilly.fr\/index.php\/resultats-2019-2020\/\" target=\"_blank\" rel=\"noreferrer noopener\"><strong><br>Voir les r\u00e9sultats de la saison 2019\/2020<\/strong><\/a><br><a href=\"http:\/\/elangr-chevilly.fr\/index.php\/resultats-2018-2019\/\" target=\"_blank\" rel=\"noreferrer noopener\"><strong><br>Voir les r\u00e9sultats de la saison 2018\/2019<\/strong><\/a><\/p>\n","protected":false},"excerpt":{"rendered":"<p>Voir le Calendrier de la saison 2023 \/ 2024 &#8211; Individuelles&#8211; Ensembles Individuelles Gymnastes Cat\u00e9gories D\u00e9partement &#8211; Sucy-En-Brie Inter-D\u00e9partement &#8211; Wissous R\u00e9gion &#8211; Evry \/&nbsp; Morangis Championnat de France &#8211; Boulogne sur Mer Ana\u00efs QUIEROZ FERREIRA R\u00e9gionale A (12-13 ans) 5\/5 5\/9 &#8211; &#8211; Emma BELOUCIF R\u00e9gionale A (12-13 ans) 1\/5 8\/9 &#8211; &#8211; Ameline\u2026<\/p>\n","protected":false},"author":1,"featured_media":0,"parent":0,"menu_order":0,"comment_status":"closed","ping_status":"closed","template":"","meta":{"footnotes":""},"_links":{"self":[{"href":"https:\/\/elangr-chevilly.fr\/index.php\/wp-json\/wp\/v2\/pages\/2837"}],"collection":[{"href":"https:\/\/elangr-chevilly.fr\/index.php\/wp-json\/wp\/v2\/pages"}],"about":[{"href":"https:\/\/elangr-chevilly.fr\/index.php\/wp-json\/wp\/v2\/types\/page"}],"author":[{"embeddable":true,"href":"https:\/\/elangr-chevilly.fr\/index.php\/wp-json\/wp\/v2\/users\/1"}],"replies":[{"embeddable":true,"href":"https:\/\/elangr-chevilly.fr\/index.php\/wp-json\/wp\/v2\/comments?post=2837"}],"version-history":[{"count":1,"href":"https:\/\/elangr-chevilly.fr\/index.php\/wp-json\/wp\/v2\/pages\/2837\/revisions"}],"predecessor-version":[{"id":2839,"href":"https:\/\/elangr-chevilly.fr\/index.php\/wp-json\/wp\/v2\/pages\/2837\/revisions\/2839"}],"wp:attachment":[{"href":"https:\/\/elangr-chevilly.fr\/index.php\/wp-json\/wp\/v2\/media?parent=2837"}],"curies":[{"name":"wp","href":"https:\/\/api.w.org\/{rel}","templated":true}]}}