{"id":37,"date":"2018-02-02T14:15:45","date_gmt":"2018-02-02T13:15:45","guid":{"rendered":"http:\/\/elangr-chevilly.fr\/?page_id=37"},"modified":"2018-09-07T23:16:21","modified_gmt":"2018-09-07T21:16:21","slug":"la-gr","status":"publish","type":"page","link":"https:\/\/elangr-chevilly.fr\/index.php\/la-gr\/","title":{"rendered":"La GR"},"content":{"rendered":"<p>La gymnastique rythmique est un sport f\u00e9minin qui se pratique d\u00e8s le plus jeune \u00e2ge,<strong><span class=\"gras\"> en individuel ou en ensemble <\/span><\/strong>sur un praticable mesurant <span class=\"rose\"><span style=\"color: #ff99cc;\">13 m sur 13 m<\/span>. <\/span><\/p>\n<p>La discipline peut se faire de mani\u00e8re individuelle ou en ensemble (2 \u00e0 10 gymnastes selon la cat\u00e9gorie)sur une musique au choix personnel.<br \/>\nUn encha\u00eenement individuel dure entre <span class=\"rose\"><span style=\"color: #ff99cc;\">1 minute 15 \u00e0 1 minute 30<\/span> \u00e0<\/span> un seul engin alors qu&rsquo;un ensemble dure entre <span class=\"rose\" style=\"color: #ff99cc;\">2 minutes 15 et 2 minutes 30 <\/span>avec un type d&rsquo;engin ou plus.<\/p>\n<p>Chaque encha\u00eenement est pr\u00e9sent\u00e9 devant un corps de juge qui mettra deux notes:<br \/>\n<span class=\"gras\"> &#8211; <strong>une note d&rsquo;ex\u00e9cution<\/strong><\/span><br \/>\n=&gt; une note technique \u00e0 l&rsquo;engin: il s&rsquo;agit du maniement de l&rsquo;engin, seul et avec la gymnaste<br \/>\n=&gt; une note artistique: expression corporelle, occupation de l&rsquo;espace et variation de la composition, liaison de la musique et du mouvement<br \/>\n<span class=\"gras\"> &#8211; <strong>une note des difficult\u00e9s de l&rsquo;encha\u00eenement:<\/strong><\/span> choix des difficult\u00e9s selon le niveau<\/p>\n<p><a href=\"http:\/\/elangr-chevilly.fr\/index.php\/les-categories\/\"><img decoding=\"async\" loading=\"lazy\" class=\"wp-image-109 alignleft\" src=\"http:\/\/elangr-chevilly.fr\/wp-content\/uploads\/2018\/02\/02.GR_Categorie-300x280.jpg\" alt=\"\" width=\"248\" height=\"231\" srcset=\"https:\/\/elangr-chevilly.fr\/wp-content\/uploads\/2018\/02\/02.GR_Categorie-300x280.jpg 300w, https:\/\/elangr-chevilly.fr\/wp-content\/uploads\/2018\/02\/02.GR_Categorie-768x717.jpg 768w, https:\/\/elangr-chevilly.fr\/wp-content\/uploads\/2018\/02\/02.GR_Categorie-1024x956.jpg 1024w\" sizes=\"(max-width: 248px) 100vw, 248px\" \/>\u00a0\u00a0<\/a><a href=\" http:\/\/elangr-chevilly.fr\/index.php\/les-engins\/\"><img decoding=\"async\" loading=\"lazy\" class=\"wp-image-110 alignleft\" src=\"http:\/\/elangr-chevilly.fr\/wp-content\/uploads\/2018\/02\/02.GR_Engins-300x280.jpg\" alt=\"\" width=\"248\" height=\"231\" srcset=\"https:\/\/elangr-chevilly.fr\/wp-content\/uploads\/2018\/02\/02.GR_Engins-300x280.jpg 300w, https:\/\/elangr-chevilly.fr\/wp-content\/uploads\/2018\/02\/02.GR_Engins-768x717.jpg 768w, https:\/\/elangr-chevilly.fr\/wp-content\/uploads\/2018\/02\/02.GR_Engins-1024x956.jpg 1024w\" sizes=\"(max-width: 248px) 100vw, 248px\" \/><\/a><\/p>\n","protected":false},"excerpt":{"rendered":"<p>La gymnastique rythmique est un sport f\u00e9minin qui se pratique d\u00e8s le plus jeune \u00e2ge, en individuel ou en ensemble sur un praticable mesurant 13 m sur 13 m. La discipline peut se faire de mani\u00e8re individuelle ou en ensemble (2 \u00e0 10 gymnastes selon la cat\u00e9gorie)sur une musique au choix personnel. Un encha\u00eenement individuel\u2026<\/p>\n","protected":false},"author":1,"featured_media":0,"parent":0,"menu_order":0,"comment_status":"closed","ping_status":"closed","template":"","meta":{"footnotes":""},"_links":{"self":[{"href":"https:\/\/elangr-chevilly.fr\/index.php\/wp-json\/wp\/v2\/pages\/37"}],"collection":[{"href":"https:\/\/elangr-chevilly.fr\/index.php\/wp-json\/wp\/v2\/pages"}],"about":[{"href":"https:\/\/elangr-chevilly.fr\/index.php\/wp-json\/wp\/v2\/types\/page"}],"author":[{"embeddable":true,"href":"https:\/\/elangr-chevilly.fr\/index.php\/wp-json\/wp\/v2\/users\/1"}],"replies":[{"embeddable":true,"href":"https:\/\/elangr-chevilly.fr\/index.php\/wp-json\/wp\/v2\/comments?post=37"}],"version-history":[{"count":6,"href":"https:\/\/elangr-chevilly.fr\/index.php\/wp-json\/wp\/v2\/pages\/37\/revisions"}],"predecessor-version":[{"id":219,"href":"https:\/\/elangr-chevilly.fr\/index.php\/wp-json\/wp\/v2\/pages\/37\/revisions\/219"}],"wp:attachment":[{"href":"https:\/\/elangr-chevilly.fr\/index.php\/wp-json\/wp\/v2\/media?parent=37"}],"curies":[{"name":"wp","href":"https:\/\/api.w.org\/{rel}","templated":true}]}}