{"id":41,"date":"2018-02-02T14:20:12","date_gmt":"2018-02-02T13:20:12","guid":{"rendered":"http:\/\/elangr-chevilly.fr\/?page_id=41"},"modified":"2024-09-28T12:12:46","modified_gmt":"2024-09-28T10:12:46","slug":"les-categories","status":"publish","type":"page","link":"https:\/\/elangr-chevilly.fr\/index.php\/les-categories\/","title":{"rendered":"Les cat\u00e9gories"},"content":{"rendered":"<p>Depuis la saison 2015, le nom des cat\u00e9gories a \u00e9volu\u00e9 dans le but de s&rsquo;harmoniser avec les autres disciplines de Gymnastique. Voici un petit aper\u00e7u des changements mis en place.<\/p>\n<p><span class=\"gras\">Les Cat\u00e9gories d&rsquo;\u00e2ge : <\/span><\/p>\n<ul>\n<li>Poussines : 6\/9 ans<\/li>\n<li>Benjamines : 10\/11 ans<\/li>\n<li>Minimes : 12\/13 ans<\/li>\n<li>Cadettes : 14\/15 ans<\/li>\n<li>Juniors : 16\/17 ans<\/li>\n<li>S\u00e9niors : 18 ans et + \/ 22 ans et +<\/li>\n<\/ul>\n<p><span class=\"gras\">Les Cat\u00e9gories individuelles : <\/span><\/p>\n<ul>\n<li style=\"list-style-type: none;\">\n<ul>\n<li>Elite<\/li>\n<li>Performance:<br \/>\n<span style=\"color: #ff00ff;\">&#8211; Nationale A :<\/span><br \/>\nLes gymnastes pr\u00e9sentent deux chor\u00e9graphies, sur des musiques libres d&rsquo;une dur\u00e9e de de 1min15 \u00e0 1min30. Les 2 engins sont impos\u00e9s par la FFG.<br \/>\n<span style=\"color: #ff00ff;\">&#8211; Nationale B :<\/span><br \/>\nLes gymnastes pr\u00e9sentent deux chor\u00e9graphies, sur des musiques libres d&rsquo;une dur\u00e9e de de 1min15 \u00e0 1min30. Les 2 engins sont impos\u00e9s par la FFG.<br \/>\n<span style=\"color: #ff00ff;\">&#8211; Nationale C :<\/span><br \/>\nLes gymnastes pr\u00e9sentent une chor\u00e9graphie, sur une musique libre d&rsquo;une dur\u00e9e de de 1min15 \u00e0 1min30, le choix de l&rsquo;engin est impos\u00e9.<\/li>\n<li style=\"list-style-type: none;\"><\/li>\n<\/ul>\n<\/li>\n<\/ul>\n<ul>\n<li style=\"list-style-type: none;\">\n<ul>\n<li style=\"list-style-type: none;\">\n<ul>\n<li>F\u00e9d\u00e9rale:<\/li>\n<\/ul>\n<\/li>\n<\/ul>\n<p><span style=\"color: #ff00ff;\">&#8211; F\u00e9d\u00e9rales :<\/span><br \/>\nLes gymnastes pr\u00e9sentent une chor\u00e9graphie, sur une musique libre d&rsquo;une dur\u00e9e de 1min15 \u00e0 1min30, le choix de l&rsquo;engin est impos\u00e9 par la FFG. A partir de 18 ans et + , l&rsquo;engin est libre.<br \/>\n<span style=\"color: #ff00ff;\">&#8211; R\u00e9gionales A :<\/span><br \/>\nLes gymnastes pr\u00e9sentent une chor\u00e9graphie, sur une musique libre d&rsquo;une dur\u00e9e de 1min15 \u00e0 1min30, le choix de l&rsquo;engin est impos\u00e9 par la FFG.<br \/>\n<span style=\"color: #ff00ff;\">&#8211; R\u00e9gionale B:<\/span><br \/>\nLes gymnastes pr\u00e9sentent une chor\u00e9graphie, sur une musique libre d&rsquo;une dur\u00e9e de 1min15 \u00e0 1min30, le choix de l&rsquo;engin est impos\u00e9 par la FFG.<\/li>\n<\/ul>\n<p>Il y a 4 comp\u00e9titions dans l&rsquo;ann\u00e9e, chaque \u00e9tape est qualificative pour la suivante.<\/p>\n<ol>\n<li>Comp\u00e9tition d\u00e9partementale en octobre<\/li>\n<li>Comp\u00e9tition inter-d\u00e9partementale en novembre<\/li>\n<li>Comp\u00e9tition r\u00e9gionale en d\u00e9cembre<\/li>\n<li>Championnat de France en janvier<\/li>\n<\/ol>\n<p><a href=\"http:\/\/elangr-chevilly.fr\/index.php\/calendrier\/\"><strong>Voir le calendrier des comp\u00e9titions de la saison individuelle\u00a0<\/strong><\/a><\/p>\n<p><span class=\"gras\">Les Cat\u00e9gories ensembles : <\/span><br \/>\nDans tous ces niveaux, on trouve les cat\u00e9gories d&rsquo;\u00e2ge : Poussines, Benjamines, Minimes, Cadettes, Juniors et S\u00e9niors.<\/p>\n<ul>\n<li>Performance:<br \/>\n<span class=\"rose\"> &#8211; Equipe Nationale 1, 2, 3 et 4 <\/span><br \/>\n<span class=\"rose\"> &#8211; Ensemble Nationale <\/span><br \/>\n<span class=\"rose\"> &#8211; Duo Nationale <\/span><\/li>\n<li>Comp\u00e9tition:<br \/>\n<span class=\"rose\"> &#8211; F\u00e9d\u00e9ral A <\/span><br \/>\n<span class=\"rose\"> &#8211; F\u00e9d\u00e9ral B <\/span><br \/>\n<span class=\"rose\"> &#8211; F\u00e9d\u00e9ral C<\/span><br \/>\n&#8211; Duo F\u00e9d\u00e9ral<br \/>\n<span class=\"rose\"> &#8211; R\u00e9gionale Ensemble <\/span><br \/>\n<span class=\"rose\"> &#8211; Duo R\u00e9gionale <\/span><\/li>\n<\/ul>\n<p>Il y a 4 comp\u00e9titions dans l&rsquo;ann\u00e9e, chaque \u00e9tape est qualificative pour la suivante.<\/p>\n<ol>\n<li>Comp\u00e9tition d\u00e9partementale en f\u00e9vrier<\/li>\n<li>Comp\u00e9tition inter-d\u00e9partementale mars\/avril<\/li>\n<li>Comp\u00e9tition r\u00e9gionale en avril\/mai<\/li>\n<li>Championnat de France en juin<\/li>\n<\/ol>\n<p><a href=\"http:\/\/elangr-chevilly.fr\/index.php\/calendrier\/\"><strong>Voir le calendrier des comp\u00e9titions de la saison ensemble<\/strong><\/a><\/p>\n","protected":false},"excerpt":{"rendered":"<p>Depuis la saison 2015, le nom des cat\u00e9gories a \u00e9volu\u00e9 dans le but de s&rsquo;harmoniser avec les autres disciplines de Gymnastique. Voici un petit aper\u00e7u des changements mis en place. Les Cat\u00e9gories d&rsquo;\u00e2ge : Poussines : 6\/9 ans Benjamines : 10\/11 ans Minimes : 12\/13 ans Cadettes : 14\/15 ans Juniors : 16\/17 ans S\u00e9niors\u2026<\/p>\n","protected":false},"author":1,"featured_media":0,"parent":0,"menu_order":0,"comment_status":"closed","ping_status":"closed","template":"","meta":{"footnotes":""},"_links":{"self":[{"href":"https:\/\/elangr-chevilly.fr\/index.php\/wp-json\/wp\/v2\/pages\/41"}],"collection":[{"href":"https:\/\/elangr-chevilly.fr\/index.php\/wp-json\/wp\/v2\/pages"}],"about":[{"href":"https:\/\/elangr-chevilly.fr\/index.php\/wp-json\/wp\/v2\/types\/page"}],"author":[{"embeddable":true,"href":"https:\/\/elangr-chevilly.fr\/index.php\/wp-json\/wp\/v2\/users\/1"}],"replies":[{"embeddable":true,"href":"https:\/\/elangr-chevilly.fr\/index.php\/wp-json\/wp\/v2\/comments?post=41"}],"version-history":[{"count":13,"href":"https:\/\/elangr-chevilly.fr\/index.php\/wp-json\/wp\/v2\/pages\/41\/revisions"}],"predecessor-version":[{"id":2674,"href":"https:\/\/elangr-chevilly.fr\/index.php\/wp-json\/wp\/v2\/pages\/41\/revisions\/2674"}],"wp:attachment":[{"href":"https:\/\/elangr-chevilly.fr\/index.php\/wp-json\/wp\/v2\/media?parent=41"}],"curies":[{"name":"wp","href":"https:\/\/api.w.org\/{rel}","templated":true}]}}