{"id":486,"date":"2018-11-25T22:51:33","date_gmt":"2018-11-25T21:51:33","guid":{"rendered":"http:\/\/elangr-chevilly.fr\/?page_id=486"},"modified":"2025-10-28T20:39:48","modified_gmt":"2025-10-28T19:39:48","slug":"planning","status":"publish","type":"page","link":"https:\/\/elangr-chevilly.fr\/index.php\/planning\/","title":{"rendered":"Planning"},"content":{"rendered":"<h2 style=\"text-align: center;\">Planning de la saison 2025 &#8211; 2026<\/h2>\n<table border=\"4\" cellpadding=\"15\">\n<tbody>\n<tr class=\"titre_tab\">\n<th><center>Groupes<\/center><\/th>\n<th><center>Entra\u00eeneurs<\/center><\/th>\n<th><center>Horaires<\/center><\/th>\n<th><center>Lieux<\/center><\/th>\n<\/tr>\n<tr>\n<th>Eveil 1<\/th>\n<td>Illona (&amp; Ana\u00eblle)<\/td>\n<td>Samedi 10h00 &#8211; 11h00<\/td>\n<td>Lilian Thuram<\/td>\n<\/tr>\n<tr>\n<th>Eveil 2<\/th>\n<td>Illona (&amp; Ana\u00eblle)<\/td>\n<td>Samedi 11h00 &#8211; 12h00<\/td>\n<td>Lilian Thuram<\/td>\n<\/tr>\n<tr>\n<th>D\u00e9butantes 6 ans<\/th>\n<td>Sol\u00e8ne (&amp; Kelsie)<\/td>\n<td>Jeudi 17h30 &#8211; 18h30<\/td>\n<td>Lilian Thuram<\/td>\n<\/tr>\n<tr>\n<th>D\u00e9butantes 7 ans<\/th>\n<td>Ana\u00eblle (&amp; Ana\u00efs)<\/td>\n<td>Mercredi 18h00 &#8211; 19h00<\/td>\n<td>Lilian Thuram<\/td>\n<\/tr>\n<tr>\n<th>Loisirs 8 &#8211; 9 ans<\/th>\n<td>Illona (&amp; Julie)<\/td>\n<td>Mercredi 16h00 &#8211; 17h30<\/td>\n<td class=\"contenu_tab\">L\u00e9o Lagrange<\/td>\n<\/tr>\n<tr>\n<th>Loisirs 10 ans et +<\/th>\n<td>Lindsay (&amp; Illona)<\/td>\n<td>Samedi 13h30 &#8211; 15h00<\/td>\n<td>Lilian Thuram<\/td>\n<\/tr>\n<tr>\n<th rowspan=\"2\">Ensemble Coupe Formation 2 (7-9 ans)<\/th>\n<td>Cindy (&amp; Ameline)<\/td>\n<td>Mercredi 18h00 &#8211; 19h30<\/td>\n<td>Lilian Thuram<\/td>\n<\/tr>\n<tr>\n<td>Illona (&amp; Marion)<\/td>\n<td>Vendredi 18h00 &#8211; 20h00<\/td>\n<td>Lilian Thuram<\/td>\n<\/tr>\n<tr>\n<th rowspan=\"2\">Ensemble R\u00e9gionale Equipe 1 (10-11 ans)<\/th>\n<td>Thuy-Van (&amp; Ana\u00efs)<\/td>\n<td>Mardi 18h30 &#8211; 20h00<\/td>\n<td class=\"contenu_tab\">L\u00e9o Lagrange<\/td>\n<\/tr>\n<tr>\n<td>Illona<\/td>\n<td>Mercredi 17h30 &#8211; 19h30<\/td>\n<td class=\"contenu_tab\">L\u00e9o Lagrange<\/td>\n<\/tr>\n<tr>\n<th rowspan=\"2\">Ensemble R\u00e9gionale Equipe 2 (10-11 ans)<\/th>\n<td>Thuy-Van (&amp; Ana\u00efs)<\/td>\n<td>Mardi 18h30 &#8211; 20h00<\/td>\n<td class=\"contenu_tab\">L\u00e9o Lagrange<\/td>\n<\/tr>\n<tr>\n<td>Sol\u00e8ne<\/td>\n<td>Jeudi 18h30 &#8211; 20h30<\/td>\n<td>Lilian Thuram<\/td>\n<\/tr>\n<tr>\n<th rowspan=\"2\">Ensemble F\u00e9d\u00e9rale B (10-11 ans)<\/th>\n<td>Illona<\/td>\n<td>Mercredi 17h30 &#8211; 19h30<\/td>\n<td class=\"contenu_tab\">L\u00e9o Lagrange<\/td>\n<\/tr>\n<tr>\n<td>Thuy-Van<\/td>\n<td>Vendredi 18h00 &#8211; 20h00<\/td>\n<td>Lilian Thuram<\/td>\n<\/tr>\n<tr>\n<th rowspan=\"2\">Ensemble F\u00e9d\u00e9rale C (12-13 ans)<\/th>\n<td>Cl\u00e9mence (&amp; Emma &amp; Hasnaa)<\/td>\n<td>Lundi 18h00 &#8211; 20h00<\/td>\n<td>Lilian Thuram<\/td>\n<\/tr>\n<tr>\n<td>Illona (&amp; Lindsay)<\/td>\n<td>Jeudi 18h30 &#8211; 20h30<\/td>\n<td>Lilian Thuram<\/td>\n<\/tr>\n<tr>\n<th rowspan=\"2\">Ensemble F\u00e9d\u00e9rale B (14 &#8211; 15 ans)<\/th>\n<td>Agathe (&amp; Hasnaa)<\/td>\n<td>Lundi 19h00 &#8211; 21h00<\/td>\n<td>Lilian Thuram<\/td>\n<\/tr>\n<tr>\n<td>Cindy<\/td>\n<td>Mercredi 19h00 &#8211; 21h00<\/td>\n<td>Lilian Thuram<\/td>\n<\/tr>\n<tr>\n<th rowspan=\"2\">Ensemble F\u00e9d\u00e9rale B (16 &#8211; 17 ans)<\/th>\n<td>Illona (&amp; Hasnaa)<\/td>\n<td>Lundi 19h00 &#8211; 21h00<\/td>\n<td>Lilian Thuram<\/td>\n<\/tr>\n<tr>\n<td>Cindy<\/td>\n<td>Mercredi 19h00 &#8211; 21h00<\/td>\n<td>Lilian Thuram<\/td>\n<\/tr>\n<tr>\n<th rowspan=\"2\">Ensemble F\u00e9d\u00e9rale B Equipe 1 (18+)<\/th>\n<td>Illona<\/td>\n<td>Mardi 18h30 &#8211; 20h30<\/td>\n<td>Lilian Thuram<\/td>\n<\/tr>\n<tr>\n<td>Thuy-Van<\/td>\n<td>Vendredi 19h30 &#8211; 21h30<\/td>\n<td>Lilian Thuram<\/td>\n<\/tr>\n<tr>\n<th rowspan=\"2\">Ensemble F\u00e9d\u00e9rale B Equipe 2 (18+)<\/th>\n<td>Illona<\/td>\n<td>Mardi 18h30 &#8211; 20h30<\/td>\n<td>Lilian Thuram<\/td>\n<\/tr>\n<tr>\n<td>Thuy-Van<\/td>\n<td>Vendredi 19h30 &#8211; 21h30<\/td>\n<td>Lilian Thuram<\/td>\n<\/tr>\n<\/tbody>\n<\/table>\n","protected":false},"excerpt":{"rendered":"<p>Planning de la saison 2025 &#8211; 2026 Groupes Entra\u00eeneurs Horaires Lieux Eveil 1 Illona (&amp; Ana\u00eblle) Samedi 10h00 &#8211; 11h00 Lilian Thuram Eveil 2 Illona (&amp; Ana\u00eblle) Samedi 11h00 &#8211; 12h00 Lilian Thuram D\u00e9butantes 6 ans Sol\u00e8ne (&amp; Kelsie) Jeudi 17h30 &#8211; 18h30 Lilian Thuram D\u00e9butantes 7 ans Ana\u00eblle (&amp; Ana\u00efs) Mercredi 18h00 &#8211; 19h00\u2026<\/p>\n","protected":false},"author":1,"featured_media":0,"parent":0,"menu_order":0,"comment_status":"closed","ping_status":"closed","template":"","meta":{"footnotes":""},"_links":{"self":[{"href":"https:\/\/elangr-chevilly.fr\/index.php\/wp-json\/wp\/v2\/pages\/486"}],"collection":[{"href":"https:\/\/elangr-chevilly.fr\/index.php\/wp-json\/wp\/v2\/pages"}],"about":[{"href":"https:\/\/elangr-chevilly.fr\/index.php\/wp-json\/wp\/v2\/types\/page"}],"author":[{"embeddable":true,"href":"https:\/\/elangr-chevilly.fr\/index.php\/wp-json\/wp\/v2\/users\/1"}],"replies":[{"embeddable":true,"href":"https:\/\/elangr-chevilly.fr\/index.php\/wp-json\/wp\/v2\/comments?post=486"}],"version-history":[{"count":44,"href":"https:\/\/elangr-chevilly.fr\/index.php\/wp-json\/wp\/v2\/pages\/486\/revisions"}],"predecessor-version":[{"id":3186,"href":"https:\/\/elangr-chevilly.fr\/index.php\/wp-json\/wp\/v2\/pages\/486\/revisions\/3186"}],"wp:attachment":[{"href":"https:\/\/elangr-chevilly.fr\/index.php\/wp-json\/wp\/v2\/media?parent=486"}],"curies":[{"name":"wp","href":"https:\/\/api.w.org\/{rel}","templated":true}]}}