{"id":57,"date":"2018-02-02T14:37:06","date_gmt":"2018-02-02T13:37:06","guid":{"rendered":"http:\/\/elangr-chevilly.fr\/?page_id=57"},"modified":"2025-05-11T22:56:30","modified_gmt":"2025-05-11T20:56:30","slug":"histoire","status":"publish","type":"page","link":"https:\/\/elangr-chevilly.fr\/index.php\/histoire\/","title":{"rendered":"Histoire"},"content":{"rendered":"<p>La section GR de Chevilly-Larue est cr\u00e9\u00e9e en 1985 par Martine SEYER CHATEAU,\u00a0 C\u00e9cile CAVELIER et Val\u00e9rie JOUAN. Le club a d\u00e9marr\u00e9 avec 10 adh\u00e9rents. Aujourd&rsquo;hui, elle en compte plus d&rsquo;une centaine dont:<\/p>\n<ul>\n<li>Le Bureau<\/li>\n<li>Les Entra\u00eeneurs<\/li>\n<li>Les\u00a0Aide-animatrice<\/li>\n<li>Les Gymnastes<\/li>\n<li>Les B\u00e9n\u00e9voles<\/li>\n<\/ul>\n<p>La section propose diff\u00e9rents cours s&rsquo;adressant \u00e0 des gymnastes \u00e9voluant soit en comp\u00e9tition, soit en loisirs. Les enfants sont accept\u00e9es d\u00e8s l&rsquo;\u00e2ge de 5 ans. Les entra\u00eenements auront lieu du lundi au samedi inclus, de 9 h 30 \u00e0 22 h, en fonction des groupes et des cat\u00e9gories.<\/p>\n<p>La cotisation annuelle varie entre 195 \u20ac et 405 \u20ac, avec un suppl\u00e9ment de 12 \u20ac pour les adh\u00e9rents hors commune.<\/p>\n<p>Les entra\u00eenement ont lieu 2 \u00e0 3 fois par semaine selon le niveau et la cat\u00e9gorie.<br \/>\nActuellement, les cr\u00e9neaux ont lieu toute la semaines sur 2 gymnases.<\/p>\n<p>L&rsquo;ann\u00e9e se d\u00e9roule en deux parties:<\/p>\n<p>&#8211; Saison en Individuel: de Septembre \u00e0 Janvier<\/p>\n<p>&#8211; Saison en Ensemble: de F\u00e9vrier \u00e0 Juin<\/p>\n","protected":false},"excerpt":{"rendered":"<p>La section GR de Chevilly-Larue est cr\u00e9\u00e9e en 1985 par Martine SEYER CHATEAU,\u00a0 C\u00e9cile CAVELIER et Val\u00e9rie JOUAN. Le club a d\u00e9marr\u00e9 avec 10 adh\u00e9rents. Aujourd&rsquo;hui, elle en compte plus d&rsquo;une centaine dont: Le Bureau Les Entra\u00eeneurs Les\u00a0Aide-animatrice Les Gymnastes Les B\u00e9n\u00e9voles La section propose diff\u00e9rents cours s&rsquo;adressant \u00e0 des gymnastes \u00e9voluant soit en comp\u00e9tition,\u2026<\/p>\n","protected":false},"author":1,"featured_media":0,"parent":0,"menu_order":0,"comment_status":"closed","ping_status":"closed","template":"","meta":{"footnotes":""},"_links":{"self":[{"href":"https:\/\/elangr-chevilly.fr\/index.php\/wp-json\/wp\/v2\/pages\/57"}],"collection":[{"href":"https:\/\/elangr-chevilly.fr\/index.php\/wp-json\/wp\/v2\/pages"}],"about":[{"href":"https:\/\/elangr-chevilly.fr\/index.php\/wp-json\/wp\/v2\/types\/page"}],"author":[{"embeddable":true,"href":"https:\/\/elangr-chevilly.fr\/index.php\/wp-json\/wp\/v2\/users\/1"}],"replies":[{"embeddable":true,"href":"https:\/\/elangr-chevilly.fr\/index.php\/wp-json\/wp\/v2\/comments?post=57"}],"version-history":[{"count":11,"href":"https:\/\/elangr-chevilly.fr\/index.php\/wp-json\/wp\/v2\/pages\/57\/revisions"}],"predecessor-version":[{"id":3062,"href":"https:\/\/elangr-chevilly.fr\/index.php\/wp-json\/wp\/v2\/pages\/57\/revisions\/3062"}],"wp:attachment":[{"href":"https:\/\/elangr-chevilly.fr\/index.php\/wp-json\/wp\/v2\/media?parent=57"}],"curies":[{"name":"wp","href":"https:\/\/api.w.org\/{rel}","templated":true}]}}