{"id":60,"date":"2018-02-02T14:37:19","date_gmt":"2018-02-02T13:37:19","guid":{"rendered":"http:\/\/elangr-chevilly.fr\/?page_id=60"},"modified":"2025-10-15T21:49:10","modified_gmt":"2025-10-15T19:49:10","slug":"presentation-du-bureau","status":"publish","type":"page","link":"https:\/\/elangr-chevilly.fr\/index.php\/presentation-du-bureau\/","title":{"rendered":"Pr\u00e9sentation du bureau"},"content":{"rendered":"\n<div class=\"wp-block-group is-layout-constrained wp-block-group-is-layout-constrained\"><div class=\"wp-block-group__inner-container\">\n<hr \/>\n<h3 style=\"text-align: center;\">Pr\u00e9sentation du bureau<\/h3>\n<article>Suite \u00e0 l&rsquo;Assembl\u00e9e G\u00e9n\u00e9rale qui a eu lieu le <span class=\"gras\">12 Juin 2025 :<\/span><\/article>\n<article><\/article>\n<article>\u00a0<\/article>\n<article><a href=\"http:\/\/elangr-chevilly.fr\/wp-content\/uploads\/2025\/10\/Bureau.jpg\"><img decoding=\"async\" loading=\"lazy\" class=\" wp-image-3146 aligncenter\" src=\"http:\/\/elangr-chevilly.fr\/wp-content\/uploads\/2025\/10\/Bureau.jpg\" alt=\"\" width=\"846\" height=\"430\" \/><\/a> <a href=\"http:\/\/elangr-chevilly.fr\/wp-content\/uploads\/2025\/10\/Bureau-2.jpg\"><img decoding=\"async\" loading=\"lazy\" class=\"wp-image-3149 aligncenter\" src=\"http:\/\/elangr-chevilly.fr\/wp-content\/uploads\/2025\/10\/Bureau-2.jpg\" alt=\"\" width=\"850\" height=\"436\" srcset=\"https:\/\/elangr-chevilly.fr\/wp-content\/uploads\/2025\/10\/Bureau-2.jpg 940w, https:\/\/elangr-chevilly.fr\/wp-content\/uploads\/2025\/10\/Bureau-2-300x154.jpg 300w, https:\/\/elangr-chevilly.fr\/wp-content\/uploads\/2025\/10\/Bureau-2-768x394.jpg 768w\" sizes=\"(max-width: 850px) 100vw, 850px\" \/><\/a>\u00a0<br \/>\n<p style=\"text-align: center;\">Joindre le bureau de la section par Mail : <a title=\"elangr\" href=\"mailto:elan.gr.chevilly@gmail.com\"><strong> elan.gr.chevilly@gmail.com <\/strong><\/a><\/p>\n<\/article>\n\n\n\n<hr class=\"wp-block-separator has-alpha-channel-opacity\"\/>\n<\/div><\/div>\n","protected":false},"excerpt":{"rendered":"<p>Pr\u00e9sentation du bureau Suite \u00e0 l&rsquo;Assembl\u00e9e G\u00e9n\u00e9rale qui a eu lieu le 12 Juin 2025 : \u00a0 \u00a0 Joindre le bureau de la section par Mail : elan.gr.chevilly@gmail.com<\/p>\n","protected":false},"author":1,"featured_media":0,"parent":0,"menu_order":0,"comment_status":"closed","ping_status":"closed","template":"","meta":{"footnotes":""},"_links":{"self":[{"href":"https:\/\/elangr-chevilly.fr\/index.php\/wp-json\/wp\/v2\/pages\/60"}],"collection":[{"href":"https:\/\/elangr-chevilly.fr\/index.php\/wp-json\/wp\/v2\/pages"}],"about":[{"href":"https:\/\/elangr-chevilly.fr\/index.php\/wp-json\/wp\/v2\/types\/page"}],"author":[{"embeddable":true,"href":"https:\/\/elangr-chevilly.fr\/index.php\/wp-json\/wp\/v2\/users\/1"}],"replies":[{"embeddable":true,"href":"https:\/\/elangr-chevilly.fr\/index.php\/wp-json\/wp\/v2\/comments?post=60"}],"version-history":[{"count":72,"href":"https:\/\/elangr-chevilly.fr\/index.php\/wp-json\/wp\/v2\/pages\/60\/revisions"}],"predecessor-version":[{"id":3155,"href":"https:\/\/elangr-chevilly.fr\/index.php\/wp-json\/wp\/v2\/pages\/60\/revisions\/3155"}],"wp:attachment":[{"href":"https:\/\/elangr-chevilly.fr\/index.php\/wp-json\/wp\/v2\/media?parent=60"}],"curies":[{"name":"wp","href":"https:\/\/api.w.org\/{rel}","templated":true}]}}