{"id":75,"date":"2018-02-02T14:38:26","date_gmt":"2018-02-02T13:38:26","guid":{"rendered":"http:\/\/elangr-chevilly.fr\/?page_id=75"},"modified":"2026-03-15T08:28:11","modified_gmt":"2026-03-15T07:28:11","slug":"calendrier","status":"publish","type":"page","link":"https:\/\/elangr-chevilly.fr\/index.php\/calendrier\/","title":{"rendered":"Calendrier"},"content":{"rendered":"<p>Reprise des entra\u00eenements pour les individuelles : le lundi 1 Septembre 2025<\/p>\n<p>Reprise des entra\u00eenements pour les ensembles : le lundi 8 Septembre 2025<\/p>\n<p>Reprise des entra\u00eenements pour les loisirs : le lundi 8 Septembre 2025<\/p>\n<h3 style=\"text-align: center;\">Calendrier pr\u00e9visionnel 2025 &#8211; 2026<\/h3>\n<article>\n<h2>Individuelles<\/h2>\n<table border=\"5\" cellpadding=\"5\">\n<tbody>\n<tr>\n<th class=\"titre_tab\" colspan=\"4\"><center>Nationale, Troph\u00e9e, R\u00e9gionale A<\/center><\/th>\n<\/tr>\n<tr class=\"contenu_tab\">\n<td><span class=\"gras purple\">D\u00e9partement 94 <\/span><br \/>11\/12 Octobre 2025<br \/><span class=\"gras pink\"> THIAIS <\/span><\/td>\n<td><span class=\"gras purple\">Inter-D\u00e9partement<\/span><br \/>15\/16 puis 22\/23 2025<br \/><span class=\"gras pink\"> WISSOUS \/ LA FERTE SOUS JOUARRE<\/span><\/td>\n<td><span class=\"gras purple\">R\u00e9gion Ile-De-France<\/span><br \/>15\/16 D\u00e9cembre 2025 (sauf R\u00e9gionales A)<br \/><span class=\"gras pink\"> MORSANG SUR ORGE \/ ARGENTEUIL<\/span><\/td>\n<td><span class=\"gras purple\">Championnat de France <\/span><br \/>30\/31 Janvier 2026 (sauf R\u00e9gionales A)<br \/><span class=\"gras pink\"> &#8211; <\/span><\/td>\n<\/tr>\n<\/tbody>\n<\/table>\n<h2>Ensembles<\/h2>\n<table border=\"5\" cellpadding=\"5\">\n<tbody>\n<tr>\n<th class=\"titre_tab\" colspan=\"4\"><center>Ensembles R\u00e9gionales<\/center><\/th>\n<\/tr>\n<tr class=\"contenu_tab\">\n<td><span class=\"gras purple\">D\u00e9partement 94 <\/span><br \/>14\/15 F\u00e9vrier 2026<br \/><span class=\"gras pink\"> RUNGIS <\/span><\/td>\n<td><span class=\"gras purple\">Inter-D\u00e9partement<\/span><br \/>21\/22 Mars 2026<br \/><span class=\"gras pink\"> CORBEIL-ESSONNES<\/span><\/td>\n<td><span class=\"gras purple\">R\u00e9gion Ile-De-France<\/span><br \/>16\/17 Mai 2026<br \/><span class=\"gras pink\"> CR\u00c9TEIL <\/span><\/td>\n<td><span class=\"gras purple\">Championnat de France <\/span><br \/>Pas de Championnat<br \/><span class=\"gras pink\">&#8211;<\/span><\/td>\n<\/tr>\n<\/tbody>\n<\/table>\n<table border=\"5\" cellpadding=\"5\">\n<tbody>\n<tr>\n<th class=\"titre_tab\" colspan=\"4\"><center>Ensembles F\u00e9d\u00e9rales B\/C<\/center><\/th>\n<\/tr>\n<tr class=\"contenu_tab\">\n<td><span class=\"gras purple\">D\u00e9partement 94 <\/span><br \/>14\/15 F\u00e9vrier 2026<br \/><span class=\"gras pink\"> RUNGIS <\/span><\/td>\n<td><span class=\"gras purple\">Inter-D\u00e9partement<\/span><br \/>21\/22 Mars 2026<br \/><span class=\"gras pink\"> CORBEIL-ESSONNES<\/span><\/td>\n<td><span class=\"gras purple\">R\u00e9gion Ile-De-France<\/span><br \/>11\/12 Avril 2026<br \/><span class=\"gras pink\"> SERRIS <\/span><\/td>\n<td><span class=\"gras purple\">Championnat de France <\/span><br \/>9\/10 Mai 2026<br \/><span class=\"gras pink\"> BOURG-EN-BRESSE <\/span><\/td>\n<\/tr>\n<\/tbody>\n<\/table>\n<table border=\"5\" cellpadding=\"5\">\n<tbody>\n<tr>\n<th class=\"titre_tab\" colspan=\"4\"><center>Ensembles F\u00e9d\u00e9rales A<\/center><\/th>\n<\/tr>\n<tr class=\"contenu_tab\">\n<td><span class=\"gras purple\">D\u00e9partement 94 <\/span><br \/>14\/15 F\u00e9vrier 2026<br \/><span class=\"gras pink\"> RUNGIS <\/span><\/td>\n<td><span class=\"gras purple\">Inter-D\u00e9partement<\/span><br \/>28\/29 Mars 2026<br \/><span class=\"gras pink\"> &#8211; CHEVILLY LARUE<\/span><\/td>\n<td><span class=\"gras purple\">R\u00e9gion Ile-De-France<\/span><br \/>16\/17 Mai 2026<br \/><span class=\"gras pink\">CR\u00c9TEIL<\/span><\/td>\n<td><span class=\"gras purple\">Championnat de France <\/span><br \/>13\/14 Juin 2026<br \/><span class=\"gras pink\"> METZ <\/span><\/td>\n<\/tr>\n<\/tbody>\n<\/table>\n<\/article>\n<article>\n<h2>Autres \u00e9v\u00e8nements<\/h2>\n<table border=\"5\" cellpadding=\"5\">\n<tbody>\n<tr>\n<th class=\"titre_tab\" colspan=\"1\"><center><span class=\"gras\">Grand Prix de Thiais &#8211; Internationaux de Thiais<\/span><\/center><\/th>\n<\/tr>\n<tr class=\"contenu_tab\">\n<td width=\"22%\">\n<p style=\"text-align: center;\"><span class=\"gras purple\">\u00a0Internationaux de THIAIS\u00a0<\/span><\/p>\n<p style=\"text-align: center;\">4\/5 Avril 2026<\/p>\n<p style=\"text-align: center;\"><span class=\"gras pink\">Palais Omnisport de Thiais<\/span><\/p>\n<\/td>\n<\/tr>\n<tr>\n<th class=\"titre_tab\" colspan=\"1\"><center>Coupe Formation 2<\/center><\/th>\n<\/tr>\n<tr class=\"contenu_tab\">\n<td width=\"22%\">\n<p style=\"text-align: center;\"><span class=\"gras purple\">Premi\u00e8re \u00e9tape<\/span><\/p>\n<p style=\"text-align: center;\">7 F\u00e9vrier 2026<\/p>\n<p style=\"text-align: center;\">CHEVILLY LARUE<\/p>\n<p style=\"text-align: center;\"><span class=\"gras purple\">Deuxi\u00e8me \u00e9tape<\/span><\/p>\n<p style=\"text-align: center;\">30 Mai\u00a0 2026<\/p>\n<p style=\"text-align: center;\"><span class=\"gras pink\"> &#8211; <\/span><\/p>\n<\/td>\n<\/tr>\n<tr>\n<th class=\"titre_tab\" colspan=\"1\"><center>Galas et Ev\u00e8nements de l&rsquo;Elan GR<\/center><\/th>\n<\/tr>\n<tr class=\"contenu_tab\">\n<td width=\"22%\">\n<p style=\"text-align: center;\"><span class=\"gras purple\">GALA D&rsquo;HIVER<\/span><\/p>\n<p style=\"text-align: center;\">Samedi 31 Janvier 2026<\/p>\n<p style=\"text-align: center;\"><span class=\"gras pink\">Parc des Sports, Chevilly Larue<\/span><\/p>\n<p style=\"text-align: center;\"><span class=\"gras purple\">INTERCLUB LOISIRS &#8211; ACCESS GYM<\/span><\/p>\n<p style=\"text-align: center;\">7 F\u00e9vrier 2026<\/p>\n<p style=\"text-align: center;\">CHEVILLY LARUE<\/p>\n<p style=\"text-align: center;\"><span class=\"gras purple\">GALA DE FIN D&rsquo;ANNEE<\/span><\/p>\n<p style=\"text-align: center;\">Dimanche 21 Juin 2026<\/p>\n<p style=\"text-align: center;\"><span class=\"gras pink\">Parc des Sports, Chevilly Larue<\/span><\/p>\n<\/td>\n<\/tr>\n<\/tbody>\n<\/table>\n<\/article>\n\n\n<figure class=\"wp-block-image size-large\"><a href=\"https:\/\/elangr-chevilly.fr\/wp-content\/uploads\/2025\/10\/Calendrier-Elan.jpg\"><img decoding=\"async\" loading=\"lazy\" width=\"1024\" height=\"514\" src=\"https:\/\/elangr-chevilly.fr\/wp-content\/uploads\/2025\/10\/Calendrier-Elan-1024x514.jpg\" alt=\"\" class=\"wp-image-3173\" srcset=\"https:\/\/elangr-chevilly.fr\/wp-content\/uploads\/2025\/10\/Calendrier-Elan-1024x514.jpg 1024w, https:\/\/elangr-chevilly.fr\/wp-content\/uploads\/2025\/10\/Calendrier-Elan-300x151.jpg 300w, https:\/\/elangr-chevilly.fr\/wp-content\/uploads\/2025\/10\/Calendrier-Elan-768x386.jpg 768w, https:\/\/elangr-chevilly.fr\/wp-content\/uploads\/2025\/10\/Calendrier-Elan.jpg 1366w\" sizes=\"(max-width: 1024px) 100vw, 1024px\" \/><\/a><\/figure>\n","protected":false},"excerpt":{"rendered":"<p>Reprise des entra\u00eenements pour les individuelles : le lundi 1 Septembre 2025 Reprise des entra\u00eenements pour les ensembles : le lundi 8 Septembre 2025 Reprise des entra\u00eenements pour les loisirs : le lundi 8 Septembre 2025 Calendrier pr\u00e9visionnel 2025 &#8211; 2026 Individuelles Nationale, Troph\u00e9e, R\u00e9gionale A D\u00e9partement 94 11\/12 Octobre 2025 THIAIS Inter-D\u00e9partement15\/16 puis 22\/23\u2026<\/p>\n","protected":false},"author":1,"featured_media":0,"parent":0,"menu_order":0,"comment_status":"closed","ping_status":"closed","template":"","meta":{"footnotes":""},"_links":{"self":[{"href":"https:\/\/elangr-chevilly.fr\/index.php\/wp-json\/wp\/v2\/pages\/75"}],"collection":[{"href":"https:\/\/elangr-chevilly.fr\/index.php\/wp-json\/wp\/v2\/pages"}],"about":[{"href":"https:\/\/elangr-chevilly.fr\/index.php\/wp-json\/wp\/v2\/types\/page"}],"author":[{"embeddable":true,"href":"https:\/\/elangr-chevilly.fr\/index.php\/wp-json\/wp\/v2\/users\/1"}],"replies":[{"embeddable":true,"href":"https:\/\/elangr-chevilly.fr\/index.php\/wp-json\/wp\/v2\/comments?post=75"}],"version-history":[{"count":90,"href":"https:\/\/elangr-chevilly.fr\/index.php\/wp-json\/wp\/v2\/pages\/75\/revisions"}],"predecessor-version":[{"id":3292,"href":"https:\/\/elangr-chevilly.fr\/index.php\/wp-json\/wp\/v2\/pages\/75\/revisions\/3292"}],"wp:attachment":[{"href":"https:\/\/elangr-chevilly.fr\/index.php\/wp-json\/wp\/v2\/media?parent=75"}],"curies":[{"name":"wp","href":"https:\/\/api.w.org\/{rel}","templated":true}]}}