{"id":81,"date":"2018-02-02T14:38:42","date_gmt":"2018-02-02T13:38:42","guid":{"rendered":"http:\/\/elangr-chevilly.fr\/?page_id=81"},"modified":"2026-03-28T18:57:47","modified_gmt":"2026-03-28T17:57:47","slug":"competitions","status":"publish","type":"page","link":"https:\/\/elangr-chevilly.fr\/index.php\/competitions\/","title":{"rendered":"Comp\u00e9titions"},"content":{"rendered":"<p><a href=\"http:\/\/elangr-chevilly.fr\/index.php\/calendrier\/\" target=\"_blank\" rel=\"noopener\"><strong>Voir le Calendrier de la saison 2025 \/ 2026<\/strong><\/a><\/p>\n<p><a href=\"#Indiv\">&#8211; Individuelles <\/a><br \/>\n<a href=\"#Ensemble\">&#8211; Ensembles <\/a><\/p>\n<h2 id=\"Indiv\">Individuelles<\/h2>\n<table border=\"5\" cellpadding=\"5\">\n<tbody>\n<tr class=\"titre_tab\">\n<th><center>Gymnastes<\/center><\/th>\n<th><center>Cat\u00e9gories<\/center><\/th>\n<th><center>D\u00e9partement &#8211; THIAIS<\/center><\/th>\n<th><center>Inter-D\u00e9partement &#8211; WISSOUS \/ LA FERTE SOUS JOUARRE<\/center><\/th>\n<th><center>R\u00e9gion &#8211; \/<\/center><\/th>\n<th><center>Championnat de France &#8211; \/<\/center><\/th>\n<\/tr>\n<tr>\n<td>ARNAUT No\u00e9mie<\/td>\n<td>R\u00e9gionale A (14-15 ans)<\/td>\n<td><center>6\/13<\/center><\/td>\n<td><center>30\/31<\/center><\/td>\n<td><center>&#8211;<\/center><\/td>\n<td><center>&#8211;<\/center><\/td>\n<\/tr>\n<tr>\n<td>BELOUCIF Emma<\/td>\n<td>R\u00e9gionale A (14-15 ans)<\/td>\n<td><center>11\/13<\/center><\/td>\n<td><center>26\/30<\/center><\/td>\n<td><center>&#8211;<\/center><\/td>\n<td><center>&#8211;<\/center><\/td>\n<\/tr>\n<tr>\n<td>BOUCHU Coralie<\/td>\n<td>R\u00e9gionale A (14-15 ans)<\/td>\n<td><center>13\/13<\/center><\/td>\n<td><center>12\/30<\/center><\/td>\n<td><center>&#8211;<\/center><\/td>\n<td><center>&#8211;<\/center><\/td>\n<\/tr>\n<tr>\n<td>KULATA Selin<\/td>\n<td>R\u00e9gionale A (14-15 ans)<\/td>\n<td><center>10\/13<\/center><\/td>\n<td><center>16\/30<\/center><\/td>\n<td><center>&#8211;<\/center><\/td>\n<td><center>&#8211;<\/center><\/td>\n<\/tr>\n<tr>\n<td>LEVEQUE Alyssa<\/td>\n<td>R\u00e9gionale A (14-15 ans)<\/td>\n<td><center>7\/13<\/center><\/td>\n<td><center>15\/30<\/center><\/td>\n<td><center>&#8211;<\/center><\/td>\n<td><center>&#8211;<\/center><\/td>\n<\/tr>\n<tr>\n<td>QUEIROZ FERREIRA Anais<\/td>\n<td>R\u00e9gionale A (14-15 ans)<\/td>\n<td><center>9\/13<\/center><\/td>\n<td><center>28\/30<\/center><\/td>\n<td><center>&#8211;<\/center><\/td>\n<td><center>&#8211;<\/center><\/td>\n<\/tr>\n<tr>\n<td>VALENTE Marie-Lou<\/td>\n<td>R\u00e9gionale A (14-15 ans)<\/td>\n<td><center>12\/13<\/center><\/td>\n<td><center>F<\/center><\/td>\n<td><center>&#8211;<\/center><\/td>\n<td><center>&#8211;<\/center><\/td>\n<\/tr>\n<tr>\n<td>FORTIN Kelsie<\/td>\n<td>R\u00e9gionale A (16-17 ans)<\/td>\n<td><center><strong>1ere\/7 <\/strong><\/center><\/td>\n<td><center>18\/20<\/center><\/td>\n<td><center>&#8211;<\/center><\/td>\n<td><center>&#8211;<\/center><\/td>\n<\/tr>\n<tr>\n<td>GAY POLSELLI Elena<\/td>\n<td>R\u00e9gionale A (16-17 ans)<\/td>\n<td><center>5\/7<\/center><\/td>\n<td><center>17\/20<\/center><\/td>\n<td><center>&#8211;<\/center><\/td>\n<td><center>&#8211;<\/center><\/td>\n<\/tr>\n<tr>\n<td>GUIMBAUD Ameline<\/td>\n<td>R\u00e9gionale A (16-17 ans)<\/td>\n<td><center><strong>2\u00e8me\/7 <\/strong><\/center><\/td>\n<td><center>6\/20<\/center><\/td>\n<td><center>&#8211;<\/center><\/td>\n<td><center>&#8211;<\/center><\/td>\n<\/tr>\n<tr>\n<td>MASSON Maelle<\/td>\n<td>R\u00e9gionale A (16-17 ans)<\/td>\n<td><center>4\/7<\/center><\/td>\n<td><center>19\/20<\/center><\/td>\n<td><center>&#8211;<\/center><\/td>\n<td><center>&#8211;<\/center><\/td>\n<\/tr>\n<tr>\n<td>LIEGHIO Lena<\/td>\n<td>R\u00e9gionale A (18-21 ans)<\/td>\n<td><center>7\/8<\/center><\/td>\n<td><center>25\/25<\/center><\/td>\n<td><center>&#8211;<\/center><\/td>\n<td><center>&#8211;<\/center><\/td>\n<\/tr>\n<tr>\n<td>PARICARD Kendy<\/td>\n<td>R\u00e9gionale A (18-21 ans)<\/td>\n<td><center>6\/8<\/center><\/td>\n<td><center>23\/25<\/center><\/td>\n<td><center>&#8211;<\/center><\/td>\n<td><center>&#8211;<\/center><\/td>\n<\/tr>\n<tr>\n<td>SALIBA Ana\u00eblle<\/td>\n<td>R\u00e9gionale A (18-21 ans)<\/td>\n<td><center><strong>3\u00e8me\/8<\/strong><\/center><\/td>\n<td><center>22\/25<\/center><\/td>\n<td><center>&#8211;<\/center><\/td>\n<td><center>&#8211;<\/center><\/td>\n<\/tr>\n<tr>\n<td>SALIBA Sol\u00e8ne<\/td>\n<td>R\u00e9gionale A (18-21 ans)<\/td>\n<td><center>5\/8<\/center><\/td>\n<td><center>15\/25<\/center><\/td>\n<td><center>&#8211;<\/center><\/td>\n<td><center>&#8211;<\/center><\/td>\n<\/tr>\n<tr>\n<td>VIDALI-JUSTON Ambre<\/td>\n<td>R\u00e9gionale A (18-21 ans)<\/td>\n<td><center><strong>1\u00e8re\/8<\/strong><\/center><\/td>\n<td><center>7\/25<\/center><\/td>\n<td><center>&#8211;<\/center><\/td>\n<td><center>&#8211;<\/center><\/td>\n<\/tr>\n<tr>\n<td>CONSTANCE M\u00e9line<\/td>\n<td>R\u00e9gionale A (22 ans et +)<\/td>\n<td><center><strong>2\u00e8me\/4<\/strong><\/center><\/td>\n<td><center>5\/11<\/center><\/td>\n<td><center>&#8211;<\/center><\/td>\n<td><center>&#8211;<\/center><\/td>\n<\/tr>\n<tr>\n<td>PATIN Lou<\/td>\n<td>R\u00e9gionale A (22 ans et +)<\/td>\n<td><center><strong>3\u00e8me\/4<\/strong><\/center><\/td>\n<td><center>F<\/center><\/td>\n<td><center>&#8211;<\/center><\/td>\n<td><center>&#8211;<\/center><\/td>\n<\/tr>\n<\/tbody>\n<\/table>\n<h2 id=\"Ensemble\">Ensembles<\/h2>\n<table border=\"5\" cellpadding=\"5\">\n<tbody>\n<tr class=\"titre_tab\">\n<th><center>Cat\u00e9gories<\/center><\/th>\n<th><center>D\u00e9partement &#8211; RUNGIS<\/center><\/th>\n<th><center>Inter-D\u00e9partement &#8211;\u00a0Corbeil Essonnes<\/center><\/th>\n<th><center>R\u00e9gion &#8211; Serris\/ Cr\u00e9teil<\/center><\/th>\n<th><center>Championnat de France &#8211; Bourg en Bresse<\/center><\/th>\n<\/tr>\n<tr>\n<td>Ensemble R\u00e9gionale Equipe 1 (10-11 ans) <span class=\"petit\">(BADAOUI &#8211; BOUDON &#8211; SAMSON &#8211; SILVERA &#8211; ZHENG) <\/span><\/td>\n<td><center><strong>3e\/5<\/strong><\/center><\/td>\n<td><center>7\/15<\/center><\/td>\n<td><center>&#8211;<\/center><\/td>\n<td><center>&#8211;<\/center><\/td>\n<\/tr>\n<tr>\n<td>Ensemble R\u00e9gionale Equipe 2 (10-11 ans) <span class=\"petit\">(BOUCHU &#8211; DIOU &#8211; ELVIRA &#8211; GUISSOUSS &#8211; LECOINTE) <\/span><\/td>\n<td><center><strong>1e\/5<\/strong><\/center><\/td>\n<td><center>11\/15<\/center><\/td>\n<td><center>&#8211;<\/center><\/td>\n<td><center>&#8211;<\/center><\/td>\n<\/tr>\n<tr>\n<td>Ensemble F\u00e9d\u00e9ral B (10-11 ans) <span class=\"petit\">(APREDA ESINGLE &#8211; GARNIER &#8211; GOTTUSI &#8211; MUSUNI BATISTA &#8211; VOLCOV) <\/span><\/td>\n<td><center>9\/9<\/center><\/td>\n<td><center>18\/21<\/center><\/td>\n<td><center>&#8211;<\/center><\/td>\n<td><center>&#8211;<\/center><\/td>\n<\/tr>\n<tr>\n<td>Ensemble F\u00e9d\u00e9rales C (12-13 ans) <span class=\"petit\">(AUCLAIR &#8211; BAZILE BODINEAU &#8211; GUISSOUSS &#8211; JOACHIMSTHALE &#8211; LE BRAS &#8211; PREUILH GBOCHO &#8211; SCHAMBOURG &#8211; MAIL &#8211; TUZI &#8211; VIEIRA) <\/span><\/td>\n<td><center>5\/7<\/center><\/td>\n<td><center><strong> 3\/15<\/strong><\/center><\/td>\n<td><center>&#8211;<\/center><\/td>\n<td><center>&#8211;<\/center><\/td>\n<\/tr>\n<tr>\n<td>Ensemble F\u00e9d\u00e9rales B (14-15 ans) <span class=\"petit\">(ARNAUT &#8211; BOUCHU &#8211; KULATA &#8211; LEVEQUE &#8211; QUEIROZ FERREIRA &#8211; VALENTE)<\/span><\/td>\n<td><center>4\/7<\/center><\/td>\n<td><center>11\/13<\/center><\/td>\n<td><center>&#8211;<\/center><\/td>\n<td><center>&#8211;<\/center><\/td>\n<\/tr>\n<tr>\n<td>Ensemble R\u00e9gional B (16-17 ans) <span class=\"petit\">(BELOUCIF &#8211; CEREJO CONSTANTINO &#8211; GAY POLSELLI &#8211; GUIMBAUD &#8211; MARCHAND &#8211; MASSON) <\/span><\/td>\n<td><center>4\/4<\/center><\/td>\n<td><center>8\/10<\/center><\/td>\n<td><center>&#8211;<\/center><\/td>\n<td><center>&#8211;<\/center><\/td>\n<\/tr>\n<tr>\n<td>Ensemble R\u00e9gional B (TC) Equipe 1 <span class=\"petit\">(MISSILOU &#8211; PATIN &#8211; SALIBA &#8211; SALIBA &#8211; VIDALI-JUSTON) <\/span><\/td>\n<td><center><strong>3e\/4<\/strong><\/center><\/td>\n<td><center>7\/15<\/center><\/td>\n<td><center>&#8211;<\/center><\/td>\n<td><center>&#8211;<\/center><\/td>\n<\/tr>\n<tr>\n<td>Ensemble R\u00e9gional B (TC) Equipe 2 <span class=\"petit\">(BAZILE BODINEAU &#8211; FORTIN &#8211; LIEGHIO &#8211; MAZET &#8211; PARICARD) <\/span><\/td>\n<td><center><strong>2e\/4<\/strong><\/center><\/td>\n<td><center>11\/13<\/center><\/td>\n<td><center>&#8211;<\/center><\/td>\n<td><center>&#8211;<\/center><\/td>\n<\/tr>\n<\/tbody>\n<\/table>\n<p><a href=\"https:\/\/elangr-chevilly.fr\/index.php\/resultats-2024-2025\/\" target=\"_blank\" rel=\"noopener\"><strong>Voir les r\u00e9sultats de la saison 2024\/2025<\/strong><\/a><br \/>\n<a href=\"http:\/\/elangr-chevilly.fr\/index.php\/resultats-2023-2024\/\" target=\"_blank\" rel=\"noopener\"><strong>Voir les r\u00e9sultats de la saison 2023\/2024<\/strong><\/a><br \/>\n<a href=\"http:\/\/elangr-chevilly.fr\/index.php\/resultats-2022-2023\/\" target=\"_blank\" rel=\"noopener\"><strong><br \/>\nVoir les r\u00e9sultats de la saison 2022\/2023<\/strong><\/a><br \/>\n<a href=\"http:\/\/elangr-chevilly.fr\/index.php\/resultats-2021-2022\/\" target=\"_blank\" rel=\"noopener\"><strong><br \/>\nVoir les r\u00e9sultats de la saison 2021\/2022<\/strong><\/a><br \/>\n<a href=\"http:\/\/elangr-chevilly.fr\/index.php\/resultats-2019-2020\/\" target=\"_blank\" rel=\"noopener\"><strong><br \/>\nVoir les r\u00e9sultats de la saison 2019\/2020<\/strong><\/a><br \/>\n<a href=\"http:\/\/elangr-chevilly.fr\/index.php\/resultats-2018-2019\/\" target=\"_blank\" rel=\"noopener\"><strong><br \/>\nVoir les r\u00e9sultats de la saison 2018\/2019<\/strong><\/a><\/p>\n","protected":false},"excerpt":{"rendered":"<p>Voir le Calendrier de la saison 2025 \/ 2026 &#8211; Individuelles &#8211; Ensembles Individuelles Gymnastes Cat\u00e9gories D\u00e9partement &#8211; THIAIS Inter-D\u00e9partement &#8211; WISSOUS \/ LA FERTE SOUS JOUARRE R\u00e9gion &#8211; \/ Championnat de France &#8211; \/ ARNAUT No\u00e9mie R\u00e9gionale A (14-15 ans) 6\/13 30\/31 &#8211; &#8211; BELOUCIF Emma R\u00e9gionale A (14-15 ans) 11\/13 26\/30 &#8211; &#8211;\u2026<\/p>\n","protected":false},"author":1,"featured_media":0,"parent":0,"menu_order":0,"comment_status":"closed","ping_status":"closed","template":"","meta":{"footnotes":""},"_links":{"self":[{"href":"https:\/\/elangr-chevilly.fr\/index.php\/wp-json\/wp\/v2\/pages\/81"}],"collection":[{"href":"https:\/\/elangr-chevilly.fr\/index.php\/wp-json\/wp\/v2\/pages"}],"about":[{"href":"https:\/\/elangr-chevilly.fr\/index.php\/wp-json\/wp\/v2\/types\/page"}],"author":[{"embeddable":true,"href":"https:\/\/elangr-chevilly.fr\/index.php\/wp-json\/wp\/v2\/users\/1"}],"replies":[{"embeddable":true,"href":"https:\/\/elangr-chevilly.fr\/index.php\/wp-json\/wp\/v2\/comments?post=81"}],"version-history":[{"count":94,"href":"https:\/\/elangr-chevilly.fr\/index.php\/wp-json\/wp\/v2\/pages\/81\/revisions"}],"predecessor-version":[{"id":3315,"href":"https:\/\/elangr-chevilly.fr\/index.php\/wp-json\/wp\/v2\/pages\/81\/revisions\/3315"}],"wp:attachment":[{"href":"https:\/\/elangr-chevilly.fr\/index.php\/wp-json\/wp\/v2\/media?parent=81"}],"curies":[{"name":"wp","href":"https:\/\/api.w.org\/{rel}","templated":true}]}}