{"id":84,"date":"2018-02-02T14:38:50","date_gmt":"2018-02-02T13:38:50","guid":{"rendered":"http:\/\/elangr-chevilly.fr\/?page_id=84"},"modified":"2025-10-28T22:25:07","modified_gmt":"2025-10-28T21:25:07","slug":"galas","status":"publish","type":"page","link":"https:\/\/elangr-chevilly.fr\/index.php\/galas\/","title":{"rendered":"Galas"},"content":{"rendered":"<p>Chaque ann\u00e9e, le Club organise deux galas:<\/p>\n<ul>\n<li><span class=\"gras purple\">Le Gala d&rsquo;Hiver<\/span> qui a lieu avant la saison des ensembles<br \/>\n=&gt; Cette ann\u00e9e, le Gala d&rsquo;Hiver aura lieu le <span class=\"souligne purple\">Samedi 31 Janvier 2026<\/span><\/li>\n<li><span class=\"gras purple\">Le Gala de fin d&rsquo;ann\u00e9e<\/span> qui a lieu au mois de Juin<br \/>\n=&gt; Cette ann\u00e9e, le Gala de fin d&rsquo;ann\u00e9e aura lieu le <span class=\"souligne purple\">Samedi 20 Juin 2026<\/span><\/li>\n<\/ul>\n<p><center>&#8212;&#8212;&#8212;&#8212;&#8212;&#8212;&#8212;&#8212;&#8212;&#8212;&#8212;&#8212;&#8212;&#8212;&#8212;&#8212;&#8212;&#8212;&#8212;&#8212;&#8212;&#8212;<\/center><\/p>\n<h4 style=\"text-align: center;\">Quelques affiches des anciens galas<\/h4>\n\n\t\t<style type=\"text\/css\">\n\t\t\t#gallery-1 {\n\t\t\t\tmargin: auto;\n\t\t\t}\n\t\t\t#gallery-1 .gallery-item {\n\t\t\t\tfloat: left;\n\t\t\t\tmargin-top: 10px;\n\t\t\t\ttext-align: center;\n\t\t\t\twidth: 33%;\n\t\t\t}\n\t\t\t#gallery-1 img {\n\t\t\t\tborder: 2px solid #cfcfcf;\n\t\t\t}\n\t\t\t#gallery-1 .gallery-caption {\n\t\t\t\tmargin-left: 0;\n\t\t\t}\n\t\t\t\/* see gallery_shortcode() in wp-includes\/media.php *\/\n\t\t<\/style>\n\t\t<div id='gallery-1' class='gallery galleryid-84 gallery-columns-3 gallery-size-large'><dl class='gallery-item'>\n\t\t\t<dt class='gallery-icon portrait'>\n\t\t\t\t<a href='https:\/\/elangr-chevilly.fr\/wp-content\/uploads\/2025\/10\/506939245_1316988680430720_7353471276220531071_n.jpg'><img width=\"600\" height=\"849\" src=\"https:\/\/elangr-chevilly.fr\/wp-content\/uploads\/2025\/10\/506939245_1316988680430720_7353471276220531071_n-724x1024.jpg\" class=\"attachment-large size-large\" alt=\"\" decoding=\"async\" loading=\"lazy\" srcset=\"https:\/\/elangr-chevilly.fr\/wp-content\/uploads\/2025\/10\/506939245_1316988680430720_7353471276220531071_n-724x1024.jpg 724w, https:\/\/elangr-chevilly.fr\/wp-content\/uploads\/2025\/10\/506939245_1316988680430720_7353471276220531071_n-212x300.jpg 212w, https:\/\/elangr-chevilly.fr\/wp-content\/uploads\/2025\/10\/506939245_1316988680430720_7353471276220531071_n-768x1086.jpg 768w, https:\/\/elangr-chevilly.fr\/wp-content\/uploads\/2025\/10\/506939245_1316988680430720_7353471276220531071_n-1086x1536.jpg 1086w, https:\/\/elangr-chevilly.fr\/wp-content\/uploads\/2025\/10\/506939245_1316988680430720_7353471276220531071_n.jpg 1131w\" sizes=\"(max-width: 600px) 100vw, 600px\" \/><\/a>\n\t\t\t<\/dt><\/dl><dl class='gallery-item'>\n\t\t\t<dt class='gallery-icon portrait'>\n\t\t\t\t<a href='https:\/\/elangr-chevilly.fr\/wp-content\/uploads\/2024\/06\/IMG-20240611-WA0006.jpg'><img width=\"600\" height=\"849\" src=\"https:\/\/elangr-chevilly.fr\/wp-content\/uploads\/2024\/06\/IMG-20240611-WA0006-724x1024.jpg\" class=\"attachment-large size-large\" alt=\"\" decoding=\"async\" loading=\"lazy\" srcset=\"https:\/\/elangr-chevilly.fr\/wp-content\/uploads\/2024\/06\/IMG-20240611-WA0006-724x1024.jpg 724w, https:\/\/elangr-chevilly.fr\/wp-content\/uploads\/2024\/06\/IMG-20240611-WA0006-212x300.jpg 212w, https:\/\/elangr-chevilly.fr\/wp-content\/uploads\/2024\/06\/IMG-20240611-WA0006-768x1086.jpg 768w, https:\/\/elangr-chevilly.fr\/wp-content\/uploads\/2024\/06\/IMG-20240611-WA0006.jpg 905w\" sizes=\"(max-width: 600px) 100vw, 600px\" \/><\/a>\n\t\t\t<\/dt><\/dl><dl class='gallery-item'>\n\t\t\t<dt class='gallery-icon portrait'>\n\t\t\t\t<a href='https:\/\/elangr-chevilly.fr\/wp-content\/uploads\/2023\/06\/347404778_750499790412948_3785562182716011996_n.jpg'><img width=\"600\" height=\"849\" src=\"https:\/\/elangr-chevilly.fr\/wp-content\/uploads\/2023\/06\/347404778_750499790412948_3785562182716011996_n-724x1024.jpg\" class=\"attachment-large size-large\" alt=\"\" decoding=\"async\" loading=\"lazy\" srcset=\"https:\/\/elangr-chevilly.fr\/wp-content\/uploads\/2023\/06\/347404778_750499790412948_3785562182716011996_n-724x1024.jpg 724w, https:\/\/elangr-chevilly.fr\/wp-content\/uploads\/2023\/06\/347404778_750499790412948_3785562182716011996_n-212x300.jpg 212w, https:\/\/elangr-chevilly.fr\/wp-content\/uploads\/2023\/06\/347404778_750499790412948_3785562182716011996_n-768x1086.jpg 768w, https:\/\/elangr-chevilly.fr\/wp-content\/uploads\/2023\/06\/347404778_750499790412948_3785562182716011996_n.jpg 1131w\" sizes=\"(max-width: 600px) 100vw, 600px\" \/><\/a>\n\t\t\t<\/dt><\/dl><br style=\"clear: both\" \/><dl class='gallery-item'>\n\t\t\t<dt class='gallery-icon landscape'>\n\t\t\t\t<a href='https:\/\/elangr-chevilly.fr\/wp-content\/uploads\/2022\/09\/288000946_446488050814125_8566126727980484191_n.jpg'><img width=\"600\" height=\"503\" src=\"https:\/\/elangr-chevilly.fr\/wp-content\/uploads\/2022\/09\/288000946_446488050814125_8566126727980484191_n.jpg\" class=\"attachment-large size-large\" alt=\"\" decoding=\"async\" loading=\"lazy\" srcset=\"https:\/\/elangr-chevilly.fr\/wp-content\/uploads\/2022\/09\/288000946_446488050814125_8566126727980484191_n.jpg 940w, https:\/\/elangr-chevilly.fr\/wp-content\/uploads\/2022\/09\/288000946_446488050814125_8566126727980484191_n-300x251.jpg 300w, https:\/\/elangr-chevilly.fr\/wp-content\/uploads\/2022\/09\/288000946_446488050814125_8566126727980484191_n-768x644.jpg 768w\" sizes=\"(max-width: 600px) 100vw, 600px\" \/><\/a>\n\t\t\t<\/dt><\/dl><dl class='gallery-item'>\n\t\t\t<dt class='gallery-icon portrait'>\n\t\t\t\t<a href='https:\/\/elangr-chevilly.fr\/wp-content\/uploads\/2019\/11\/Affiche.jpg'><img width=\"600\" height=\"840\" src=\"https:\/\/elangr-chevilly.fr\/wp-content\/uploads\/2019\/11\/Affiche.jpg\" class=\"attachment-large size-large\" alt=\"\" decoding=\"async\" loading=\"lazy\" srcset=\"https:\/\/elangr-chevilly.fr\/wp-content\/uploads\/2019\/11\/Affiche.jpg 624w, https:\/\/elangr-chevilly.fr\/wp-content\/uploads\/2019\/11\/Affiche-214x300.jpg 214w\" sizes=\"(max-width: 600px) 100vw, 600px\" \/><\/a>\n\t\t\t<\/dt><\/dl><dl class='gallery-item'>\n\t\t\t<dt class='gallery-icon portrait'>\n\t\t\t\t<a href='https:\/\/elangr-chevilly.fr\/wp-content\/uploads\/2018\/11\/Gala-Paris-2018.jpg'><img width=\"600\" height=\"852\" src=\"https:\/\/elangr-chevilly.fr\/wp-content\/uploads\/2018\/11\/Gala-Paris-2018.jpg\" class=\"attachment-large size-large\" alt=\"\" decoding=\"async\" loading=\"lazy\" srcset=\"https:\/\/elangr-chevilly.fr\/wp-content\/uploads\/2018\/11\/Gala-Paris-2018.jpg 676w, https:\/\/elangr-chevilly.fr\/wp-content\/uploads\/2018\/11\/Gala-Paris-2018-211x300.jpg 211w\" sizes=\"(max-width: 600px) 100vw, 600px\" \/><\/a>\n\t\t\t<\/dt><\/dl><br style=\"clear: both\" \/><dl class='gallery-item'>\n\t\t\t<dt class='gallery-icon portrait'>\n\t\t\t\t<a href='https:\/\/elangr-chevilly.fr\/wp-content\/uploads\/2018\/11\/GalaEte.png'><img width=\"600\" height=\"848\" src=\"https:\/\/elangr-chevilly.fr\/wp-content\/uploads\/2018\/11\/GalaEte.png\" class=\"attachment-large size-large\" alt=\"\" decoding=\"async\" loading=\"lazy\" srcset=\"https:\/\/elangr-chevilly.fr\/wp-content\/uploads\/2018\/11\/GalaEte.png 679w, https:\/\/elangr-chevilly.fr\/wp-content\/uploads\/2018\/11\/GalaEte-212x300.png 212w\" sizes=\"(max-width: 600px) 100vw, 600px\" \/><\/a>\n\t\t\t<\/dt><\/dl><dl class='gallery-item'>\n\t\t\t<dt class='gallery-icon portrait'>\n\t\t\t\t<a href='https:\/\/elangr-chevilly.fr\/wp-content\/uploads\/2018\/11\/gala2015.jpg'><img width=\"441\" height=\"617\" src=\"https:\/\/elangr-chevilly.fr\/wp-content\/uploads\/2018\/11\/gala2015.jpg\" class=\"attachment-large size-large\" alt=\"\" decoding=\"async\" loading=\"lazy\" srcset=\"https:\/\/elangr-chevilly.fr\/wp-content\/uploads\/2018\/11\/gala2015.jpg 441w, https:\/\/elangr-chevilly.fr\/wp-content\/uploads\/2018\/11\/gala2015-214x300.jpg 214w\" sizes=\"(max-width: 441px) 100vw, 441px\" \/><\/a>\n\t\t\t<\/dt><\/dl><dl class='gallery-item'>\n\t\t\t<dt class='gallery-icon portrait'>\n\t\t\t\t<a href='https:\/\/elangr-chevilly.fr\/wp-content\/uploads\/2018\/11\/GalaHiver.jpg'><img width=\"600\" height=\"848\" src=\"https:\/\/elangr-chevilly.fr\/wp-content\/uploads\/2018\/11\/GalaHiver.jpg\" class=\"attachment-large size-large\" alt=\"\" decoding=\"async\" loading=\"lazy\" srcset=\"https:\/\/elangr-chevilly.fr\/wp-content\/uploads\/2018\/11\/GalaHiver.jpg 679w, https:\/\/elangr-chevilly.fr\/wp-content\/uploads\/2018\/11\/GalaHiver-212x300.jpg 212w\" sizes=\"(max-width: 600px) 100vw, 600px\" \/><\/a>\n\t\t\t<\/dt><\/dl><br style=\"clear: both\" \/><dl class='gallery-item'>\n\t\t\t<dt class='gallery-icon portrait'>\n\t\t\t\t<a href='https:\/\/elangr-chevilly.fr\/wp-content\/uploads\/2018\/11\/affiche_gala_hiver.jpg'><img width=\"483\" height=\"682\" src=\"https:\/\/elangr-chevilly.fr\/wp-content\/uploads\/2018\/11\/affiche_gala_hiver.jpg\" class=\"attachment-large size-large\" alt=\"\" decoding=\"async\" loading=\"lazy\" srcset=\"https:\/\/elangr-chevilly.fr\/wp-content\/uploads\/2018\/11\/affiche_gala_hiver.jpg 483w, https:\/\/elangr-chevilly.fr\/wp-content\/uploads\/2018\/11\/affiche_gala_hiver-212x300.jpg 212w\" sizes=\"(max-width: 483px) 100vw, 483px\" \/><\/a>\n\t\t\t<\/dt><\/dl><dl class='gallery-item'>\n\t\t\t<dt class='gallery-icon portrait'>\n\t\t\t\t<a href='https:\/\/elangr-chevilly.fr\/wp-content\/uploads\/2018\/11\/GalaEte.jpg'><img width=\"498\" height=\"715\" src=\"https:\/\/elangr-chevilly.fr\/wp-content\/uploads\/2018\/11\/GalaEte.jpg\" class=\"attachment-large size-large\" alt=\"\" decoding=\"async\" loading=\"lazy\" srcset=\"https:\/\/elangr-chevilly.fr\/wp-content\/uploads\/2018\/11\/GalaEte.jpg 498w, https:\/\/elangr-chevilly.fr\/wp-content\/uploads\/2018\/11\/GalaEte-209x300.jpg 209w\" sizes=\"(max-width: 498px) 100vw, 498px\" \/><\/a>\n\t\t\t<\/dt><\/dl>\n\t\t\t<br style='clear: both' \/>\n\t\t<\/div>\n\n","protected":false},"excerpt":{"rendered":"<p>Chaque ann\u00e9e, le Club organise deux galas: Le Gala d&rsquo;Hiver qui a lieu avant la saison des ensembles =&gt; Cette ann\u00e9e, le Gala d&rsquo;Hiver aura lieu le Samedi 31 Janvier 2026 Le Gala de fin d&rsquo;ann\u00e9e qui a lieu au mois de Juin =&gt; Cette ann\u00e9e, le Gala de fin d&rsquo;ann\u00e9e aura lieu le Samedi\u2026<\/p>\n","protected":false},"author":1,"featured_media":0,"parent":0,"menu_order":0,"comment_status":"closed","ping_status":"closed","template":"","meta":{"footnotes":""},"_links":{"self":[{"href":"https:\/\/elangr-chevilly.fr\/index.php\/wp-json\/wp\/v2\/pages\/84"}],"collection":[{"href":"https:\/\/elangr-chevilly.fr\/index.php\/wp-json\/wp\/v2\/pages"}],"about":[{"href":"https:\/\/elangr-chevilly.fr\/index.php\/wp-json\/wp\/v2\/types\/page"}],"author":[{"embeddable":true,"href":"https:\/\/elangr-chevilly.fr\/index.php\/wp-json\/wp\/v2\/users\/1"}],"replies":[{"embeddable":true,"href":"https:\/\/elangr-chevilly.fr\/index.php\/wp-json\/wp\/v2\/comments?post=84"}],"version-history":[{"count":14,"href":"https:\/\/elangr-chevilly.fr\/index.php\/wp-json\/wp\/v2\/pages\/84\/revisions"}],"predecessor-version":[{"id":3195,"href":"https:\/\/elangr-chevilly.fr\/index.php\/wp-json\/wp\/v2\/pages\/84\/revisions\/3195"}],"wp:attachment":[{"href":"https:\/\/elangr-chevilly.fr\/index.php\/wp-json\/wp\/v2\/media?parent=84"}],"curies":[{"name":"wp","href":"https:\/\/api.w.org\/{rel}","templated":true}]}}