{"id":906,"date":"2019-07-28T22:46:10","date_gmt":"2019-07-28T20:46:10","guid":{"rendered":"http:\/\/elangr-chevilly.fr\/?page_id=906"},"modified":"2025-10-15T21:59:50","modified_gmt":"2025-10-15T19:59:50","slug":"autres-documents","status":"publish","type":"page","link":"https:\/\/elangr-chevilly.fr\/index.php\/autres-documents\/","title":{"rendered":"Autres documents"},"content":{"rendered":"\n<ul>\n<li><a href=\"http:\/\/elangr-chevilly.fr\/wp-content\/uploads\/2025\/09\/Rapport-Moral-Technique-et-Bilan-Financier-de-la-section-GR-2024-2025-VF.pdf\" data-type=\"link\" data-id=\"http:\/\/elangr-chevilly.fr\/wp-content\/uploads\/2025\/09\/Rapport-Moral-Technique-et-Bilan-Financier-de-la-section-GR-2024-2025-VF.pdf\" target=\"_blank\" rel=\"noreferrer noopener\">Rapport Moral Technique et bilan financier de la Section GR 2024-2025<\/a><\/li>\n\n\n\n<li><a href=\"http:\/\/elangr-chevilly.fr\/wp-content\/uploads\/2025\/10\/Reglement-interieur-2025.pdf\" data-type=\"link\" data-id=\"http:\/\/elangr-chevilly.fr\/wp-content\/uploads\/2025\/10\/Reglement-interieur-2025.pdf\" target=\"_blank\" rel=\"noreferrer noopener\">R\u00e8glement int\u00e9rieur<\/a><\/li>\n<\/ul>\n\n\n\n<p class=\"has-text-align-center\">_____________________________________________________________________________________________________<\/p>\n\n\n<ul>\n<li><a href=\"http:\/\/elangr-chevilly.fr\/wp-content\/uploads\/2024\/09\/Rapport-Moral-Technique-et-Bilan-Financier-de-la-section-GR-2023-2024-VF.pdf\" target=\"_blank\" rel=\"noopener\">Rapport Moral Technique et Bilan Financier de la section GR 2023-2024 VF<\/a><\/li>\n<li><a href=\"http:\/\/elangr-chevilly.fr\/wp-content\/uploads\/2024\/09\/Reglement-interieur-2024.pdf\" target=\"_blank\" rel=\"noopener\">R\u00e8glement int\u00e9rieur 2024<\/a><\/li>\n<\/ul>\n<p style=\"text-align: center;\">_____________________________________________________________________________________________________<\/p>\n<ul>\n<li><a href=\"http:\/\/elangr-chevilly.fr\/wp-content\/uploads\/2023\/08\/Rapport-Moral-Technique-et-Bilan-Financier-de-la-section-GR-2022-2023.pdf\">Rapport Moral Technique et Bilan Financier de la section GR 2022-2023<\/a><\/li>\n<li><a href=\"http:\/\/elangr-chevilly.fr\/wp-content\/uploads\/2023\/08\/R\u00e9glement-interieur-2023-.pdf\">R\u00e9glement interieur 2023<\/a><\/li>\n<li><a href=\"http:\/\/elangr-chevilly.fr\/wp-content\/uploads\/2023\/08\/Licenci\u00e9s-mineurs-Questionnaire-de-sant\u00e9-et-attestation-FFG-2023-2024.pdf\">Licenci\u00e9s mineurs &#8211; Questionnaire de sant\u00e9 et attestation FFG 2023-2024<\/a><\/li>\n<li><a href=\"http:\/\/elangr-chevilly.fr\/wp-content\/uploads\/2023\/08\/Guide-des-activites-2023-2024-pour-Site.docx\">Guide des activites 2023 2024 pour Site<\/a><\/li>\n<\/ul>\n<p style=\"text-align: center;\">_____________________________________________________________________________________________________<\/p>\n<ul>\n<li><a href=\"http:\/\/elangr-chevilly.fr\/wp-content\/uploads\/2020\/10\/Rapport-moral-2019-2020.pdf\" target=\"_blank\" rel=\"noopener\">Bilan du Club de la saison 2019 &#8211; 2020 suite \u00e0 l&rsquo;Assembl\u00e9e G\u00e9n\u00e9rale du 26 Septembre<\/a><\/li>\n<li><a href=\"http:\/\/elangr-chevilly.fr\/wp-content\/uploads\/2020\/09\/reglement-interieur-2020.pdf\" target=\"_blank\" rel=\"noopener\">R\u00e8glement int\u00e9rieur 2020-2021<\/a><\/li>\n<li><a href=\"http:\/\/elangr-chevilly.fr\/wp-content\/uploads\/2020\/09\/Formulaire-de-reprise.pdf\" target=\"_blank\" rel=\"noopener\">COVID : Formulaire de reprise d&rsquo;activit\u00e9<\/a><\/li>\n<\/ul>","protected":false},"excerpt":{"rendered":"<p>_____________________________________________________________________________________________________ Rapport Moral Technique et Bilan Financier de la section GR 2023-2024 VF R\u00e8glement int\u00e9rieur 2024 _____________________________________________________________________________________________________ Rapport Moral Technique et Bilan Financier de la section GR 2022-2023 R\u00e9glement interieur 2023 Licenci\u00e9s mineurs &#8211; Questionnaire de sant\u00e9 et attestation FFG 2023-2024 Guide des activites 2023 2024 pour Site _____________________________________________________________________________________________________ Bilan du Club de la saison\u2026<\/p>\n","protected":false},"author":1,"featured_media":0,"parent":0,"menu_order":0,"comment_status":"closed","ping_status":"closed","template":"","meta":{"footnotes":""},"_links":{"self":[{"href":"https:\/\/elangr-chevilly.fr\/index.php\/wp-json\/wp\/v2\/pages\/906"}],"collection":[{"href":"https:\/\/elangr-chevilly.fr\/index.php\/wp-json\/wp\/v2\/pages"}],"about":[{"href":"https:\/\/elangr-chevilly.fr\/index.php\/wp-json\/wp\/v2\/types\/page"}],"author":[{"embeddable":true,"href":"https:\/\/elangr-chevilly.fr\/index.php\/wp-json\/wp\/v2\/users\/1"}],"replies":[{"embeddable":true,"href":"https:\/\/elangr-chevilly.fr\/index.php\/wp-json\/wp\/v2\/comments?post=906"}],"version-history":[{"count":16,"href":"https:\/\/elangr-chevilly.fr\/index.php\/wp-json\/wp\/v2\/pages\/906\/revisions"}],"predecessor-version":[{"id":3162,"href":"https:\/\/elangr-chevilly.fr\/index.php\/wp-json\/wp\/v2\/pages\/906\/revisions\/3162"}],"wp:attachment":[{"href":"https:\/\/elangr-chevilly.fr\/index.php\/wp-json\/wp\/v2\/media?parent=906"}],"curies":[{"name":"wp","href":"https:\/\/api.w.org\/{rel}","templated":true}]}}