{"id":93,"date":"2018-02-02T14:40:21","date_gmt":"2018-02-02T13:40:21","guid":{"rendered":"http:\/\/elangr-chevilly.fr\/?page_id=93"},"modified":"2025-09-27T00:47:40","modified_gmt":"2025-09-26T22:47:40","slug":"inscriptions","status":"publish","type":"page","link":"https:\/\/elangr-chevilly.fr\/index.php\/inscriptions\/","title":{"rendered":"Inscriptions"},"content":{"rendered":"<p>Les (r\u00e9)inscriptions ont lieu d\u00e9but septembre, lors du\u00a0<span class=\"gras\">Forum des Sports<\/span> qui se tient au gymnase Marcel Paul (Gymnase Dericbourg cette ann\u00e9e) de Chevilly-Larue. Il n\u2019y a pas d\u2019inscriptions possibles en cours d\u2019ann\u00e9e.<\/p>\n<p>Les nouvelles gymnastes sont accept\u00e9es \u00e0 partir de 3 ans qu\u2019elles soient d\u00e9butantes ou non. Il y a des cat\u00e9gories de loisirs et de comp\u00e9titions. <a href=\"http:\/\/elangr-chevilly.fr\/index.php\/presentation-des-equipes\/\" target=\"_blank\" rel=\"noopener\"><strong>Voir +\u00a0<\/strong><\/a><\/p>\n<p>Les entra\u00eenements ont lieu du lundi au samedi de 9h00 \u00e0 21h00, les cr\u00e9neaux par cat\u00e9gories pouvant varier d\u2019une ann\u00e9e sur l\u2019autre.\u00a0<a href=\"http:\/\/elangr-chevilly.fr\/index.php\/planning\/\" target=\"_blank\" rel=\"noopener\"><strong>Voir le planning de la saison<\/strong><\/a><\/p>\n<p>Le Club ayant un effectif limit\u00e9 de gymnastes, il faut venir au Forum pour s\u2019inscrire sur une liste. Selon les effectifs disponibles, une liste d&rsquo;attente sera mise en place.<\/p>\n<p><span class=\"souligne\">Concernant le dossier d\u2019inscription, il faut pr\u00e9voir :<\/span><\/p>\n<ul>\n<li>Un certificat m\u00e9dical<\/li>\n<li>Un ch\u00e8que \/ 3 ch\u00e8ques pour la cotisation annuelle. La cotisation varie de 219 \u20ac et 369 \u20ac. Un suppl\u00e9ment de 12 \u20ac pour les adh\u00e9rents hors-commune.<\/li>\n<li>Un ch\u00e8que de caution pour les justaucorps et les engins des gymnastes en comp\u00e9tition<\/li>\n<\/ul>\n<p>Pour la saison 2025\/2026:<br \/>\n&#8211; Le Forum des Sports a lieu le Samedi 6 Septembre 2025 de 9h \u00e0 16h00<\/p>\n","protected":false},"excerpt":{"rendered":"<p>Les (r\u00e9)inscriptions ont lieu d\u00e9but septembre, lors du\u00a0Forum des Sports qui se tient au gymnase Marcel Paul (Gymnase Dericbourg cette ann\u00e9e) de Chevilly-Larue. Il n\u2019y a pas d\u2019inscriptions possibles en cours d\u2019ann\u00e9e. Les nouvelles gymnastes sont accept\u00e9es \u00e0 partir de 3 ans qu\u2019elles soient d\u00e9butantes ou non. Il y a des cat\u00e9gories de loisirs et\u2026<\/p>\n","protected":false},"author":1,"featured_media":0,"parent":0,"menu_order":0,"comment_status":"closed","ping_status":"closed","template":"","meta":{"footnotes":""},"_links":{"self":[{"href":"https:\/\/elangr-chevilly.fr\/index.php\/wp-json\/wp\/v2\/pages\/93"}],"collection":[{"href":"https:\/\/elangr-chevilly.fr\/index.php\/wp-json\/wp\/v2\/pages"}],"about":[{"href":"https:\/\/elangr-chevilly.fr\/index.php\/wp-json\/wp\/v2\/types\/page"}],"author":[{"embeddable":true,"href":"https:\/\/elangr-chevilly.fr\/index.php\/wp-json\/wp\/v2\/users\/1"}],"replies":[{"embeddable":true,"href":"https:\/\/elangr-chevilly.fr\/index.php\/wp-json\/wp\/v2\/comments?post=93"}],"version-history":[{"count":20,"href":"https:\/\/elangr-chevilly.fr\/index.php\/wp-json\/wp\/v2\/pages\/93\/revisions"}],"predecessor-version":[{"id":3102,"href":"https:\/\/elangr-chevilly.fr\/index.php\/wp-json\/wp\/v2\/pages\/93\/revisions\/3102"}],"wp:attachment":[{"href":"https:\/\/elangr-chevilly.fr\/index.php\/wp-json\/wp\/v2\/media?parent=93"}],"curies":[{"name":"wp","href":"https:\/\/api.w.org\/{rel}","templated":true}]}}