{"id":99,"date":"2018-02-02T14:40:37","date_gmt":"2018-02-02T13:40:37","guid":{"rendered":"http:\/\/elangr-chevilly.fr\/?page_id=99"},"modified":"2018-09-08T02:21:59","modified_gmt":"2018-09-08T00:21:59","slug":"acces","status":"publish","type":"page","link":"https:\/\/elangr-chevilly.fr\/index.php\/acces\/","title":{"rendered":"Acc\u00e8s"},"content":{"rendered":"<p>Les cours et galas sont dispens\u00e9s sur 3 gymnases:<\/p>\n<ul>\n<li style=\"list-style-type: none\">\n<ul>\n<li>Gymnase Lilian Thuram<\/li>\n<p>15 Avenue du G\u00e9n\u00e9ral de Gaulle \u00e0 Chevilly-Larue<\/ul>\n<\/li>\n<li style=\"list-style-type: none\">\n<ul>01 45 36 22 93<\/ul>\n<\/li>\n<\/ul>\n<p>&nbsp;<\/p>\n<ul>\n<li style=\"list-style-type: none\">\n<ul>\n<li style=\"list-style-type: none\">\n<ul><\/ul>\n<\/li>\n<\/ul>\n<\/li>\n<\/ul>\n<p><img decoding=\"async\" loading=\"lazy\" class=\"alignnone size-medium wp-image-294\" src=\"http:\/\/elangr-chevilly.fr\/wp-content\/uploads\/2018\/09\/Lilian_Ext-300x225.jpg\" alt=\"\" width=\"300\" height=\"225\" srcset=\"https:\/\/elangr-chevilly.fr\/wp-content\/uploads\/2018\/09\/Lilian_Ext-300x225.jpg 300w, https:\/\/elangr-chevilly.fr\/wp-content\/uploads\/2018\/09\/Lilian_Ext-768x576.jpg 768w, https:\/\/elangr-chevilly.fr\/wp-content\/uploads\/2018\/09\/Lilian_Ext.jpg 1024w\" sizes=\"(max-width: 300px) 100vw, 300px\" \/>\u00a0<img decoding=\"async\" loading=\"lazy\" class=\"alignnone size-medium wp-image-295\" src=\"http:\/\/elangr-chevilly.fr\/wp-content\/uploads\/2018\/09\/Lilian_Int-300x225.jpg\" alt=\"\" width=\"300\" height=\"225\" srcset=\"https:\/\/elangr-chevilly.fr\/wp-content\/uploads\/2018\/09\/Lilian_Int-300x225.jpg 300w, https:\/\/elangr-chevilly.fr\/wp-content\/uploads\/2018\/09\/Lilian_Int-768x576.jpg 768w, https:\/\/elangr-chevilly.fr\/wp-content\/uploads\/2018\/09\/Lilian_Int.jpg 1024w\" sizes=\"(max-width: 300px) 100vw, 300px\" \/><\/p>\n<p>&nbsp;<\/p>\n<ul>\n<li style=\"list-style-type: none\">\n<ul>\n<li>Gymnase L\u00e9o Lagrange<\/li>\n<p>196 avenue de Stalingrad \u00e0 Chevilly-Larue<\/ul>\n<\/li>\n<\/ul>\n<ul>\n<ul>\n<li style=\"list-style-type: none\">\n<ul>01 46 86 13 76<\/ul>\n<\/li>\n<\/ul>\n<\/ul>\n<p><img decoding=\"async\" loading=\"lazy\" class=\"alignnone size-medium wp-image-292\" src=\"http:\/\/elangr-chevilly.fr\/wp-content\/uploads\/2018\/09\/Leo_Ext-300x225.jpg\" alt=\"\" width=\"300\" height=\"225\" srcset=\"https:\/\/elangr-chevilly.fr\/wp-content\/uploads\/2018\/09\/Leo_Ext-300x225.jpg 300w, https:\/\/elangr-chevilly.fr\/wp-content\/uploads\/2018\/09\/Leo_Ext.jpg 320w\" sizes=\"(max-width: 300px) 100vw, 300px\" \/><\/p>\n<ul>\n<ul><\/ul>\n<\/ul>\n<p><img decoding=\"async\" loading=\"lazy\" class=\" wp-image-293 alignnone\" src=\"http:\/\/elangr-chevilly.fr\/wp-content\/uploads\/2018\/09\/Leo_Int-300x225.jpg\" alt=\"\" width=\"300\" height=\"225\" srcset=\"https:\/\/elangr-chevilly.fr\/wp-content\/uploads\/2018\/09\/Leo_Int-300x225.jpg 300w, https:\/\/elangr-chevilly.fr\/wp-content\/uploads\/2018\/09\/Leo_Int.jpg 320w\" sizes=\"(max-width: 300px) 100vw, 300px\" \/><\/p>\n<p>&nbsp;<\/p>\n<ul>\n<li style=\"list-style-type: none\">\n<ul>\n<li>Parc des Sports<\/li>\n<p>2, rue du Stade, Chevilly Larue<\/ul>\n<\/li>\n<\/ul>\n<p><img decoding=\"async\" loading=\"lazy\" class=\"size-medium wp-image-297 alignleft\" src=\"http:\/\/elangr-chevilly.fr\/wp-content\/uploads\/2018\/09\/PSport_Ext-02-300x225.jpg\" alt=\"\" width=\"300\" height=\"225\" srcset=\"https:\/\/elangr-chevilly.fr\/wp-content\/uploads\/2018\/09\/PSport_Ext-02-300x225.jpg 300w, https:\/\/elangr-chevilly.fr\/wp-content\/uploads\/2018\/09\/PSport_Ext-02-768x576.jpg 768w, https:\/\/elangr-chevilly.fr\/wp-content\/uploads\/2018\/09\/PSport_Ext-02.jpg 1024w\" sizes=\"(max-width: 300px) 100vw, 300px\" \/><\/p>\n<p><img decoding=\"async\" loading=\"lazy\" class=\"alignnone size-medium wp-image-296\" src=\"http:\/\/elangr-chevilly.fr\/wp-content\/uploads\/2018\/09\/PSport_Ext-01-300x225.jpg\" alt=\"\" width=\"300\" height=\"225\" srcset=\"https:\/\/elangr-chevilly.fr\/wp-content\/uploads\/2018\/09\/PSport_Ext-01-300x225.jpg 300w, https:\/\/elangr-chevilly.fr\/wp-content\/uploads\/2018\/09\/PSport_Ext-01-768x576.jpg 768w, https:\/\/elangr-chevilly.fr\/wp-content\/uploads\/2018\/09\/PSport_Ext-01.jpg 1024w\" sizes=\"(max-width: 300px) 100vw, 300px\" \/><\/p>\n","protected":false},"excerpt":{"rendered":"<p>Les cours et galas sont dispens\u00e9s sur 3 gymnases: Gymnase Lilian Thuram 15 Avenue du G\u00e9n\u00e9ral de Gaulle \u00e0 Chevilly-Larue 01 45 36 22 93 &nbsp; \u00a0 &nbsp; Gymnase L\u00e9o Lagrange 196 avenue de Stalingrad \u00e0 Chevilly-Larue 01 46 86 13 76 &nbsp; Parc des Sports 2, rue du Stade, Chevilly Larue<\/p>\n","protected":false},"author":1,"featured_media":0,"parent":0,"menu_order":0,"comment_status":"closed","ping_status":"closed","template":"","meta":{"footnotes":""},"_links":{"self":[{"href":"https:\/\/elangr-chevilly.fr\/index.php\/wp-json\/wp\/v2\/pages\/99"}],"collection":[{"href":"https:\/\/elangr-chevilly.fr\/index.php\/wp-json\/wp\/v2\/pages"}],"about":[{"href":"https:\/\/elangr-chevilly.fr\/index.php\/wp-json\/wp\/v2\/types\/page"}],"author":[{"embeddable":true,"href":"https:\/\/elangr-chevilly.fr\/index.php\/wp-json\/wp\/v2\/users\/1"}],"replies":[{"embeddable":true,"href":"https:\/\/elangr-chevilly.fr\/index.php\/wp-json\/wp\/v2\/comments?post=99"}],"version-history":[{"count":3,"href":"https:\/\/elangr-chevilly.fr\/index.php\/wp-json\/wp\/v2\/pages\/99\/revisions"}],"predecessor-version":[{"id":298,"href":"https:\/\/elangr-chevilly.fr\/index.php\/wp-json\/wp\/v2\/pages\/99\/revisions\/298"}],"wp:attachment":[{"href":"https:\/\/elangr-chevilly.fr\/index.php\/wp-json\/wp\/v2\/media?parent=99"}],"curies":[{"name":"wp","href":"https:\/\/api.w.org\/{rel}","templated":true}]}}